{"id":4854,"date":"2020-12-25T12:41:55","date_gmt":"2020-12-25T11:41:55","guid":{"rendered":"https:\/\/danieldermitzel.com\/test\/?page_id=4854"},"modified":"2026-04-03T14:54:39","modified_gmt":"2026-04-03T12:54:39","slug":"home-deutsch","status":"publish","type":"page","link":"https:\/\/danieldermitzel.com\/test\/de\/","title":{"rendered":"Home deutsch"},"content":{"rendered":"\t\t<div data-elementor-type=\"wp-page\" data-elementor-id=\"4854\" class=\"elementor elementor-4854\">\n\t\t\t\t<div class=\"elementor-element elementor-element-fa3c4a3 animated-fast e-flex e-con-boxed e-con e-parent\" data-id=\"fa3c4a3\" data-element_type=\"container\" data-e-type=\"container\" data-settings=\"{&quot;background_background&quot;:&quot;classic&quot;,&quot;animation&quot;:&quot;none&quot;}\">\n\t\t\t\t\t<div class=\"e-con-inner\">\n\t\t<div class=\"elementor-element elementor-element-8ee68e9 e-con-full e-flex e-con e-child\" data-id=\"8ee68e9\" data-element_type=\"container\" data-e-type=\"container\">\n\t\t\t\t<div class=\"elementor-element elementor-element-e5a142f elementor-widget elementor-widget-image-carousel\" data-id=\"e5a142f\" data-element_type=\"widget\" data-e-type=\"widget\" data-settings=\"{&quot;slides_to_show&quot;:&quot;1&quot;,&quot;navigation&quot;:&quot;none&quot;,&quot;speed&quot;:800,&quot;autoplay&quot;:&quot;yes&quot;,&quot;pause_on_interaction&quot;:&quot;yes&quot;,&quot;autoplay_speed&quot;:5000,&quot;infinite&quot;:&quot;yes&quot;,&quot;effect&quot;:&quot;slide&quot;}\" data-widget_type=\"image-carousel.default\">\n\t\t\t\t<div class=\"elementor-widget-container\">\n\t\t\t\t\t\t\t<div class=\"elementor-image-carousel-wrapper swiper\" role=\"region\" aria-roledescription=\"carousel\" aria-label=\"Image Carousel\" dir=\"ltr\">\n\t\t\t<div class=\"elementor-image-carousel swiper-wrapper swiper-image-stretch\" aria-live=\"off\">\n\t\t\t\t\t\t\t\t<div class=\"swiper-slide\" role=\"group\" aria-roledescription=\"slide\" aria-label=\"1 von 3\"><figure class=\"swiper-slide-inner\"><img decoding=\"async\" class=\"swiper-slide-image\" src=\"https:\/\/danieldermitzel.com\/test\/wp-content\/uploads\/2025\/05\/Carousel-Slogan-DE-480x360.gif\" alt=\"Carousel Slogan DE\" \/><\/figure><\/div><div class=\"swiper-slide\" role=\"group\" aria-roledescription=\"slide\" aria-label=\"2 von 3\"><figure class=\"swiper-slide-inner\"><img decoding=\"async\" class=\"swiper-slide-image\" src=\"https:\/\/danieldermitzel.com\/test\/wp-content\/uploads\/2024\/09\/Carousel-Services-DE-480x360.gif\" alt=\"Carousel Services DE\" \/><\/figure><\/div><div class=\"swiper-slide\" role=\"group\" aria-roledescription=\"slide\" aria-label=\"3 von 3\"><figure class=\"swiper-slide-inner\"><img decoding=\"async\" class=\"swiper-slide-image\" src=\"https:\/\/danieldermitzel.com\/test\/wp-content\/uploads\/2026\/04\/AnkundigungNoArrowsBanner-480x360.jpg\" alt=\"Ank\u00fcndigungNoArrowsBanner\" \/><\/figure><\/div>\t\t\t<\/div>\n\t\t\t\t\t\t\t\n\t\t\t\t\t\t\t\t\t<\/div>\n\t\t\t\t\t\t<\/div>\n\t\t\t\t<\/div>\n\t\t\t\t<div class=\"elementor-element elementor-element-9179f3c elementor-widget elementor-widget-wp-widget-recent-posts\" data-id=\"9179f3c\" data-element_type=\"widget\" data-e-type=\"widget\" data-widget_type=\"wp-widget-recent-posts.default\">\n\t\t\t\t<div class=\"elementor-widget-container\">\n\t\t\t\t\t\n\t\t\n\t\t<h5>Infos und Veranstaltungen<\/h5>\n\t\t<ul>\n\t\t\t\t\t\t\t\t\t\t\t<li>\n\t\t\t\t\t<a href=\"https:\/\/danieldermitzel.com\/test\/de\/2-tagesseminar-achtsamkeit-in-der-konfliktberatung\/\">2-Tagesseminar: Achtsamkeit in der Konfliktberatung<\/a>\n\t\t\t\t\t\t\t\t\t<\/li>\n\t\t\t\t\t\t\t\t\t\t\t<li>\n\t\t\t\t\t<a href=\"https:\/\/danieldermitzel.com\/test\/2-day-workshop-mindfulness-for-better-conflict-management-in-german\/\">2-day Workshop: Mindfulness for better Conflict Management (in German)<\/a>\n\t\t\t\t\t\t\t\t\t<\/li>\n\t\t\t\t\t\t\t\t\t\t\t<li>\n\t\t\t\t\t<a href=\"https:\/\/danieldermitzel.com\/test\/de\/atem-der-erde-training-zu-achtsamkeit-und-aktivismus-eine-tagung-der-evangelischen-akademie-tutzing\/\">Atem der Erde: Training zu Achtsamkeit und Aktivismus. Eine Tagung der Evangelischen Akademie Tutzing<\/a>\n\t\t\t\t\t\t\t\t\t<\/li>\n\t\t\t\t\t<\/ul>\n\n\t\t\t\t\t\t<\/div>\n\t\t\t\t<\/div>\n\t\t\t\t<\/div>\n\t\t<div class=\"elementor-element elementor-element-b465dce e-con-full e-flex e-con e-child\" data-id=\"b465dce\" data-element_type=\"container\" data-e-type=\"container\" data-settings=\"{&quot;background_background&quot;:&quot;classic&quot;}\">\n\t\t\t\t<div class=\"elementor-element elementor-element-97c2121 elementor-widget elementor-widget-text-editor\" data-id=\"97c2121\" data-element_type=\"widget\" data-e-type=\"widget\" data-widget_type=\"text-editor.default\">\n\t\t\t\t<div class=\"elementor-widget-container\">\n\t\t\t\t\t\t\t\t\t<h3 style=\"text-align: center;\">Mediation, Moderation und Training<\/h3>\n<p>Als <strong>zertifizierter Mediator<\/strong>, <strong>Moderator<\/strong> und <strong>Trainer<\/strong> biete ich ein umfassendes Angebot zu&nbsp;<strong>Konfliktl\u00f6sung <\/strong>und&nbsp;<strong>Konfliktmanagement <\/strong>f\u00fcr <strong>Einzelpersonen<\/strong>, <strong>Paare<\/strong>, <strong>Familien<\/strong>, <strong>Teams<\/strong> und <strong>Organisationen<\/strong> an. Es beinhaltet:<\/p>\n<ul>\n<li><strong>Mediation<\/strong> und <strong>Konfliktcoaching<\/strong><\/li>\n<li><strong>Moderation von Dialogen<\/strong> und <strong>Team- \/<\/strong>&nbsp;<strong>Gruppenprozessen<\/strong><\/li>\n<li><strong>Trainings<\/strong>, <strong>Workshops<\/strong> &amp; <strong>Supervisionen<\/strong><\/li>\n<li><strong>naturbasierte Konfliktl\u00f6sung<\/strong>&nbsp;und <strong>Heilung<\/strong><\/li>\n<\/ul>\n<p><span style=\"text-align: var(--text-align);\">Mein Sitz ist in Berlin. Meine Angebote sind auf Deutsch und Englisch, in Pr\u00e4senz und online verf\u00fcgbar.<\/span><\/p>\n<p>Erlauben Sie mir, Sie dabei zu unterst\u00fctzen, Konflikte zu bew\u00e4ltigen, Kommunikation wiederherzustellen und bei Streitigkeiten einen Weg nach vorne zu finden.<\/p>\t\t\t\t\t\t\t\t<\/div>\n\t\t\t\t<\/div>\n\t\t\t\t<div class=\"elementor-element elementor-element-3fd3cb3 elementor-widget elementor-widget-text-editor\" data-id=\"3fd3cb3\" data-element_type=\"widget\" data-e-type=\"widget\" data-widget_type=\"text-editor.default\">\n\t\t\t\t<div class=\"elementor-widget-container\">\n\t\t\t\t\t\t\t\t\t<h4 style=\"text-align: center;\">Mehr Klarheit, mehr Frieden<\/h4><p>Wenn Sie sich aufgrund eines Konflikts zu Hause, bei der Arbeit, im Gesch\u00e4ft oder in Ihrer Organisation oder B\u00fcrgergruppe ausgelaugt f\u00fchlen und sich fragen, was mit Ihrer Produktivit\u00e4t und Lebensfreude passiert ist, kann eine Mediation oder ein Coaching den Weg zu gegenseitigem Verst\u00e4ndnis, Klarheit und wirksamen Handeln ebnen.<\/p><p>Oder w\u00fcnschen Sie sich eine ver\u00e4nderte Konfliktkultur in Ihrer Gruppe oder Organisation, z.B. eine Konfliktkultur, die weniger von Konfrontation oder Vermeidung und mehr von Kollaboration gepr\u00e4gt ist? Dann kann eine Supervision oder ein ma\u00dfgeschneidertes Training zu Themen wie Gewaltfreie Kommunikation, Achtsamkeit, Umgang mit Triggern und Deesklatationsstrategien die Zufriedenheit und Resilienz im Team stark verbessern.<\/p>\t\t\t\t\t\t\t\t<\/div>\n\t\t\t\t<\/div>\n\t\t\t\t<div class=\"elementor-element elementor-element-adaf80f elementor-widget elementor-widget-text-editor\" data-id=\"adaf80f\" data-element_type=\"widget\" data-e-type=\"widget\" data-widget_type=\"text-editor.default\">\n\t\t\t\t<div class=\"elementor-widget-container\">\n\t\t\t\t\t\t\t\t\t<h4 style=\"text-align: center;\">Sichere und Mutige R\u00e4ume<\/h4><p>Mein Leben auf zwei Kontinenten, mein beruflicher Werdegang sowie mein zweij\u00e4hriger Aufenthalt in dem anerkannten Mindfulness Practice Center <a href=\"http:\/\/plumvillage.org\" target=\"_blank\" rel=\"noopener\">Plum Village<\/a> haben mir wichtige Erkenntnisse dar\u00fcber vermittelt, wie ich mich in die Lage anderer versetzen und auch in schwierigen Momenten verbunden und pr\u00e4sent bleiben kann. Ich gebe mein bestes, f\u00fcr Menschen einen gesch\u00fctzten Raum zu halten, in welchem sie einen Weg aus L\u00e4hmung, Verletzung und Hoffnungslosigkeit finden.<\/p>\t\t\t\t\t\t\t\t<\/div>\n\t\t\t\t<\/div>\n\t\t\t\t<div class=\"elementor-element elementor-element-a1eb400 elementor-widget elementor-widget-text-editor\" data-id=\"a1eb400\" data-element_type=\"widget\" data-e-type=\"widget\" data-widget_type=\"text-editor.default\">\n\t\t\t\t<div class=\"elementor-widget-container\">\n\t\t\t\t\t\t\t\t\t<h4 style=\"text-align: center;\">Mediation vs. Meditation<\/h4><p>Diese beiden W\u00f6rter werden h\u00e4ufig verwechselt. W\u00e4hrend es bei meiner Arbeit haupts\u00e4chlich um Mediation (ein Format f\u00fcr Konfliktl\u00f6sung) geht, nutze ich auch Erkenntnisse aus der Achtsamkeitsmeditation (die Praxis, einen geistig klaren und emotional ruhigen Zustand zu kultivieren). <a href=\"https:\/\/danieldermitzel.com\/test\/de\/ueber-mich\/\">Hier erfahren Sie mehr \u00fcber meinen Ansatz<\/a> und dar\u00fcber, wie ich manchmal Kommunikation und Konfliktl\u00f6sung mit Impulsen aus der Achtsamkeitspraxis verbinde.<\/p>\t\t\t\t\t\t\t\t<\/div>\n\t\t\t\t<\/div>\n\t\t\t\t<div class=\"elementor-element elementor-element-e2d3bf4 elementor-widget elementor-widget-text-editor\" data-id=\"e2d3bf4\" data-element_type=\"widget\" data-e-type=\"widget\" data-widget_type=\"text-editor.default\">\n\t\t\t\t<div class=\"elementor-widget-container\">\n\t\t\t\t\t\t\t\t\t<h4 style=\"text-align: center;\">Kostenlose Erstberatung<\/h4><p>Ich lade Sie ein, mit mir Kontakt aufzunehmen und in einem kostenlosen Vorgespr\u00e4ch zu er\u00f6rtern, wie ich Sie unterst\u00fctzen kann.<\/p><p>Tel: +(49) 0163 1389929<br \/>E-Mail: <a href=\"mailto:mail@danieldermitzel.com\">mail@danieldermitzel.com<\/a><\/p>\t\t\t\t\t\t\t\t<\/div>\n\t\t\t\t<\/div>\n\t\t\t\t<\/div>\n\t\t\t\t\t<\/div>\n\t\t\t\t<\/div>\n\t\t<div class=\"elementor-element elementor-element-52585cd e-flex e-con-boxed e-con e-parent\" data-id=\"52585cd\" data-element_type=\"container\" data-e-type=\"container\" data-settings=\"{&quot;background_background&quot;:&quot;classic&quot;}\">\n\t\t\t\t\t<div class=\"e-con-inner\">\n\t\t<div class=\"elementor-element elementor-element-f1a437d e-con-full e-flex e-con e-child\" data-id=\"f1a437d\" data-element_type=\"container\" data-e-type=\"container\">\n\t\t\t\t<div class=\"elementor-element elementor-element-664cf9e elementor-invisible elementor-widget elementor-widget-heading\" data-id=\"664cf9e\" data-element_type=\"widget\" data-e-type=\"widget\" data-settings=\"{&quot;_animation&quot;:&quot;fadeIn&quot;}\" data-widget_type=\"heading.default\">\n\t\t\t\t<div class=\"elementor-widget-container\">\n\t\t\t\t\t<h3 class=\"elementor-heading-title elementor-size-default\">Angebote f\u00fcr ein besseres Miteinander:<\/h3>\t\t\t\t<\/div>\n\t\t\t\t<\/div>\n\t\t<div class=\"elementor-element elementor-element-3c259bb e-con-full e-flex e-con e-child\" data-id=\"3c259bb\" data-element_type=\"container\" data-e-type=\"container\" data-settings=\"{&quot;background_background&quot;:&quot;classic&quot;}\">\n\t\t<a class=\"elementor-element elementor-element-6651a75 e-con-full e-flex elementor-invisible e-con e-child\" data-id=\"6651a75\" data-element_type=\"container\" data-e-type=\"container\" data-settings=\"{&quot;animation&quot;:&quot;fadeIn&quot;,&quot;animation_delay&quot;:200}\" href=\"https:\/\/danieldermitzel.com\/test\/mediation-deutsch\/\">\n\t\t\t\t<div class=\"elementor-element elementor-element-97d1e6a elementor-widget elementor-widget-heading\" data-id=\"97d1e6a\" data-element_type=\"widget\" data-e-type=\"widget\" data-widget_type=\"heading.default\">\n\t\t\t\t<div class=\"elementor-widget-container\">\n\t\t\t\t\t<h6 class=\"elementor-heading-title elementor-size-default\">Mediation &amp;<br>Konflikt Coaching<\/h6>\t\t\t\t<\/div>\n\t\t\t\t<\/div>\n\t\t\t\t<\/a>\n\t\t<a class=\"elementor-element elementor-element-371b73e e-con-full e-flex elementor-invisible e-con e-child\" data-id=\"371b73e\" data-element_type=\"container\" data-e-type=\"container\" data-settings=\"{&quot;animation&quot;:&quot;fadeIn&quot;,&quot;animation_delay&quot;:400}\" href=\"https:\/\/danieldermitzel.com\/test\/dialog\/\">\n\t\t\t\t<div class=\"elementor-element elementor-element-bb3e403 elementor-widget elementor-widget-heading\" data-id=\"bb3e403\" data-element_type=\"widget\" data-e-type=\"widget\" data-widget_type=\"heading.default\">\n\t\t\t\t<div class=\"elementor-widget-container\">\n\t\t\t\t\t<h6 class=\"elementor-heading-title elementor-size-default\">Dialog<\/h6>\t\t\t\t<\/div>\n\t\t\t\t<\/div>\n\t\t\t\t<\/a>\n\t\t<a class=\"elementor-element elementor-element-3381937 e-con-full e-flex elementor-invisible e-con e-child\" data-id=\"3381937\" data-element_type=\"container\" data-e-type=\"container\" data-settings=\"{&quot;animation&quot;:&quot;fadeIn&quot;,&quot;animation_delay&quot;:600}\" href=\"https:\/\/danieldermitzel.com\/test\/training-deutsch\/\">\n\t\t\t\t<div class=\"elementor-element elementor-element-87f6801 elementor-widget elementor-widget-heading\" data-id=\"87f6801\" data-element_type=\"widget\" data-e-type=\"widget\" data-widget_type=\"heading.default\">\n\t\t\t\t<div class=\"elementor-widget-container\">\n\t\t\t\t\t<h6 class=\"elementor-heading-title elementor-size-default\">Trainings &amp;<br>Supervision<\/h6>\t\t\t\t<\/div>\n\t\t\t\t<\/div>\n\t\t\t\t<\/a>\n\t\t<a class=\"elementor-element elementor-element-b740f60 e-con-full e-flex elementor-invisible e-con e-child\" data-id=\"b740f60\" data-element_type=\"container\" data-e-type=\"container\" data-settings=\"{&quot;animation&quot;:&quot;fadeIn&quot;,&quot;animation_delay&quot;:800}\" href=\"https:\/\/danieldermitzel.com\/test\/\/erdbegegnungen\">\n\t\t\t\t<div class=\"elementor-element elementor-element-98ec835 elementor-widget elementor-widget-heading\" data-id=\"98ec835\" data-element_type=\"widget\" data-e-type=\"widget\" data-widget_type=\"heading.default\">\n\t\t\t\t<div class=\"elementor-widget-container\">\n\t\t\t\t\t<h6 class=\"elementor-heading-title elementor-size-default\">Erdbegegnungen<\/h6>\t\t\t\t<\/div>\n\t\t\t\t<\/div>\n\t\t\t\t<\/a>\n\t\t\t\t<\/div>\n\t\t\t\t<\/div>\n\t\t\t\t\t<\/div>\n\t\t\t\t<\/div>\n\t\t<div class=\"elementor-element elementor-element-065ce53 e-flex e-con-boxed e-con e-parent\" data-id=\"065ce53\" data-element_type=\"container\" data-e-type=\"container\" data-settings=\"{&quot;background_background&quot;:&quot;classic&quot;}\">\n\t\t\t\t\t<div class=\"e-con-inner\">\n\t\t<div class=\"elementor-element elementor-element-17e2e73 e-con-full e-flex e-con e-child\" data-id=\"17e2e73\" data-element_type=\"container\" data-e-type=\"container\">\n\t\t\t\t<div class=\"elementor-element elementor-element-7956c2a elementor-widget elementor-widget-image\" data-id=\"7956c2a\" data-element_type=\"widget\" data-e-type=\"widget\" data-widget_type=\"image.default\">\n\t\t\t\t<div class=\"elementor-widget-container\">\n\t\t\t\t\t\t\t\t\t\t\t\t\t\t\t\t<a href=\"http:\/\/www.bmev.de\" target=\"_blank\">\n\t\t\t\t\t\t\t<img decoding=\"async\" width=\"230\" height=\"79\" src=\"https:\/\/danieldermitzel.com\/test\/wp-content\/uploads\/2025\/05\/BM-logo.png\" class=\"attachment-sydney-small-thumb size-sydney-small-thumb wp-image-24558\" alt=\"\" \/>\t\t\t\t\t\t\t\t<\/a>\n\t\t\t\t\t\t\t\t\t\t\t\t\t\t\t<\/div>\n\t\t\t\t<\/div>\n\t\t\t\t<\/div>\n\t\t<div class=\"elementor-element elementor-element-04ed0a3 e-con-full e-flex e-con e-child\" data-id=\"04ed0a3\" data-element_type=\"container\" data-e-type=\"container\" data-settings=\"{&quot;background_background&quot;:&quot;classic&quot;}\">\n\t\t\t\t<div class=\"elementor-element elementor-element-a422ed5 elementor-widget elementor-widget-text-editor\" data-id=\"a422ed5\" data-element_type=\"widget\" data-e-type=\"widget\" data-widget_type=\"text-editor.default\">\n\t\t\t\t<div class=\"elementor-widget-container\">\n\t\t\t\t\t\t\t\t\t<h6 style=\"text-align: center;\"><em>Ich bin Mitglied im Bundesverband Mediation (BM). Klicken Sie hier, um ein<\/em><em>\u00a0<a href=\"https:\/\/www.bmev.de\/mediation\/was-ist-mediation.html\" target=\"_blank\" rel=\"noopener\">informatives video<\/a>\u00a0\u00fcber Zweck und Anwendungen der Mediation auf der Webseite des BM zu sehen.<\/em><\/h6>\t\t\t\t\t\t\t\t<\/div>\n\t\t\t\t<\/div>\n\t\t\t\t<\/div>\n\t\t\t\t\t<\/div>\n\t\t\t\t<\/div>\n\t\t\t\t<\/div>\n\t\t","protected":false},"excerpt":{"rendered":"<p>Mediation, Moderation und Training Als zertifizierter Mediator, Moderator und Trainer biete ich ein umfassendes Angebot zu&nbsp;Konfliktl\u00f6sung und&nbsp;Konfliktmanagement f\u00fcr Einzelpersonen, Paare, Familien, Teams [&hellip;]<\/p>\n","protected":false},"author":1,"featured_media":0,"parent":0,"menu_order":0,"comment_status":"closed","ping_status":"closed","template":"page-templates\/page_front-page.php","meta":{"footnotes":""},"class_list":["post-4854","page","type-page","status-publish","hentry"],"_links":{"self":[{"href":"https:\/\/danieldermitzel.com\/test\/wp-json\/wp\/v2\/pages\/4854","targetHints":{"allow":["GET"]}}],"collection":[{"href":"https:\/\/danieldermitzel.com\/test\/wp-json\/wp\/v2\/pages"}],"about":[{"href":"https:\/\/danieldermitzel.com\/test\/wp-json\/wp\/v2\/types\/page"}],"author":[{"embeddable":true,"href":"https:\/\/danieldermitzel.com\/test\/wp-json\/wp\/v2\/users\/1"}],"replies":[{"embeddable":true,"href":"https:\/\/danieldermitzel.com\/test\/wp-json\/wp\/v2\/comments?post=4854"}],"version-history":[{"count":105,"href":"https:\/\/danieldermitzel.com\/test\/wp-json\/wp\/v2\/pages\/4854\/revisions"}],"predecessor-version":[{"id":25581,"href":"https:\/\/danieldermitzel.com\/test\/wp-json\/wp\/v2\/pages\/4854\/revisions\/25581"}],"wp:attachment":[{"href":"https:\/\/danieldermitzel.com\/test\/wp-json\/wp\/v2\/media?parent=4854"}],"curies":[{"name":"wp","href":"https:\/\/api.w.org\/{rel}","templated":true}]}}