{"id":13542,"date":"2022-03-21T06:46:28","date_gmt":"2022-03-21T05:46:28","guid":{"rendered":"https:\/\/danieldermitzel.com\/test\/?page_id=13542"},"modified":"2025-11-02T23:31:22","modified_gmt":"2025-11-02T22:31:22","slug":"mediation-deutsch","status":"publish","type":"page","link":"https:\/\/danieldermitzel.com\/test\/de\/mediation-deutsch\/","title":{"rendered":"Mediation deutsch"},"content":{"rendered":"\t\t<div data-elementor-type=\"wp-page\" data-elementor-id=\"13542\" class=\"elementor elementor-13542\">\n\t\t\t\t<div class=\"elementor-element elementor-element-49618be e-flex e-con-boxed e-con e-parent\" data-id=\"49618be\" data-element_type=\"container\" data-e-type=\"container\" data-settings=\"{&quot;background_background&quot;:&quot;classic&quot;}\">\n\t\t\t\t\t<div class=\"e-con-inner\">\n\t\t<div class=\"elementor-element elementor-element-5a79992 e-con-full e-flex e-con e-child\" data-id=\"5a79992\" data-element_type=\"container\" data-e-type=\"container\">\n\t\t\t\t<div class=\"elementor-element elementor-element-270c27b elementor-widget elementor-widget-image\" data-id=\"270c27b\" data-element_type=\"widget\" data-e-type=\"widget\" data-widget_type=\"image.default\">\n\t\t\t\t<div class=\"elementor-widget-container\">\n\t\t\t\t\t\t\t\t\t\t\t\t\t\t\t<img fetchpriority=\"high\" decoding=\"async\" width=\"700\" height=\"525\" src=\"https:\/\/danieldermitzel.com\/test\/wp-content\/uploads\/2025\/05\/The-way-out-is-in-700x525.jpg\" class=\"attachment-large size-large wp-image-24570\" alt=\"\" srcset=\"https:\/\/danieldermitzel.com\/test\/wp-content\/uploads\/2025\/05\/The-way-out-is-in-700x525.jpg 700w, https:\/\/danieldermitzel.com\/test\/wp-content\/uploads\/2025\/05\/The-way-out-is-in-300x225.jpg 300w, https:\/\/danieldermitzel.com\/test\/wp-content\/uploads\/2025\/05\/The-way-out-is-in-768x576.jpg 768w, https:\/\/danieldermitzel.com\/test\/wp-content\/uploads\/2025\/05\/The-way-out-is-in-1536x1152.jpg 1536w, https:\/\/danieldermitzel.com\/test\/wp-content\/uploads\/2025\/05\/The-way-out-is-in-1000x750.jpg 1000w, https:\/\/danieldermitzel.com\/test\/wp-content\/uploads\/2025\/05\/The-way-out-is-in-230x173.jpg 230w, https:\/\/danieldermitzel.com\/test\/wp-content\/uploads\/2025\/05\/The-way-out-is-in-350x263.jpg 350w, https:\/\/danieldermitzel.com\/test\/wp-content\/uploads\/2025\/05\/The-way-out-is-in-480x360.jpg 480w, https:\/\/danieldermitzel.com\/test\/wp-content\/uploads\/2025\/05\/The-way-out-is-in.jpg 1941w\" sizes=\"(max-width: 700px) 100vw, 700px\" \/>\t\t\t\t\t\t\t\t\t\t\t\t\t\t\t<\/div>\n\t\t\t\t<\/div>\n\t\t\t\t<\/div>\n\t\t<div class=\"elementor-element elementor-element-f925302 e-con-full e-flex e-con e-child\" data-id=\"f925302\" data-element_type=\"container\" data-e-type=\"container\" data-settings=\"{&quot;background_background&quot;:&quot;classic&quot;}\">\n\t\t\t\t<div class=\"elementor-element elementor-element-136e577 elementor-widget elementor-widget-html\" data-id=\"136e577\" data-element_type=\"widget\" data-e-type=\"widget\" data-widget_type=\"html.default\">\n\t\t\t\t<div class=\"elementor-widget-container\">\n\t\t\t\t\t<script>\r\ndocument.addEventListener('DOMContentLoaded', function () {\r\njQuery(function ($) {\r\n$('.showme1').click(function (event) {\r\nevent.preventDefault();\r\n$(findFurthestAncestor($(this)[0], 'e-con')).next().slideToggle();\r\n$(this).toggleClass('opened');\r\n});\r\n$('.closebutton').click(function () {\r\n$(findFurthestAncestor($(this)[0], 'e-con')).prev().find('.showme1').click();\r\n});\r\n});\r\n});\r\n\r\nfunction findFurthestAncestor(elem, className) {\r\nlet parentElement = elem.parentElement;\r\nlet furthestAncestor;\r\nwhile (parentElement != null) {\r\nif (parentElement.classList.contains(className)) {\r\nfurthestAncestor = parentElement;\r\n}\r\nparentElement = parentElement.parentElement;\r\n}\r\nreturn furthestAncestor;\r\n}\r\n<\/script>\r\n<style>\r\n.showme1 a, .showme1 svg, .showme1 i , .showme1 img, .closebutton a, .closebutton i, .closebutton img{\r\ncursor: pointer;\r\n-webkit-transition: transform 0.34s ease;\r\ntransition : transform 0.34s ease;\r\n}\r\n.opened i , .opened img,.opened svg{\r\ntransform: rotate(90deg);\r\n}\r\n<\/style>\r\n\r\n\r\n<script>\r\ndocument.addEventListener('DOMContentLoaded', function () {\r\njQuery(function ($) {\r\n$('.showme2').click(function (event) {\r\nevent.preventDefault();\r\n$(findFurthestAncestor($(this)[0], 'e-con')).next().slideToggle();\r\n$(this).toggleClass('opened');\r\n});\r\n$('.closebutton').click(function () {\r\n$(findFurthestAncestor($(this)[0], 'e-con')).prev().find('.showme2').click();\r\n});\r\n});\r\n});\r\n\r\nfunction findFurthestAncestor(elem, className) {\r\nlet parentElement = elem.parentElement;\r\nlet furthestAncestor;\r\nwhile (parentElement != null) {\r\nif (parentElement.classList.contains(className)) {\r\nfurthestAncestor = parentElement;\r\n}\r\nparentElement = parentElement.parentElement;\r\n}\r\nreturn furthestAncestor;\r\n}\r\n<\/script>\r\n<style>\r\n.showme2 a, .showme2 svg, .showme2 i , .showme2 img, .closebutton a, .closebutton i, .closebutton img{\r\ncursor: pointer;\r\n-webkit-transition: transform 0.34s ease;\r\ntransition : transform 0.34s ease;\r\n}\r\n.opened i , .opened img,.opened svg{\r\ntransform: rotate(90deg);\r\n}\r\n<\/style>\r\n\r\n\t\t\t\t<\/div>\n\t\t\t\t<\/div>\n\t\t\t\t<div class=\"elementor-element elementor-element-0d6ef68 elementor-widget elementor-widget-text-editor\" data-id=\"0d6ef68\" data-element_type=\"widget\" data-e-type=\"widget\" data-widget_type=\"text-editor.default\">\n\t\t\t\t<div class=\"elementor-widget-container\">\n\t\t\t\t\t\t\t\t\t<h3>Mediation &amp; Konflikt Coaching<\/h3><p>Ich arbeite an der L\u00f6sung von Konflikten in verschiedenen Settings mit Gruppen und Einzelpersonen. Wenn Sie einen Konflikt haben, der Ihnen Energie und Lebensfreude raubt, kann eine Mediation oder ein Coaching helfen:<\/p>\t\t\t\t\t\t\t\t<\/div>\n\t\t\t\t<\/div>\n\t\t\t\t<\/div>\n\t\t\t\t\t<\/div>\n\t\t\t\t<\/div>\n\t\t<div class=\"elementor-element elementor-element-985dcb6 e-flex e-con-boxed e-con e-parent\" data-id=\"985dcb6\" data-element_type=\"container\" data-e-type=\"container\">\n\t\t\t\t\t<div class=\"e-con-inner\">\n\t\t\t\t<div class=\"elementor-element elementor-element-726a4bc elementor-widget elementor-widget-spacer\" data-id=\"726a4bc\" data-element_type=\"widget\" data-e-type=\"widget\" data-widget_type=\"spacer.default\">\n\t\t\t\t<div class=\"elementor-widget-container\">\n\t\t\t\t\t\t\t<div class=\"elementor-spacer\">\n\t\t\t<div class=\"elementor-spacer-inner\"><\/div>\n\t\t<\/div>\n\t\t\t\t\t\t<\/div>\n\t\t\t\t<\/div>\n\t\t\t\t\t<\/div>\n\t\t\t\t<\/div>\n\t\t<div class=\"elementor-element elementor-element-83a909f e-flex e-con-boxed e-con e-parent\" data-id=\"83a909f\" data-element_type=\"container\" data-e-type=\"container\">\n\t\t\t\t\t<div class=\"e-con-inner\">\n\t\t<div class=\"elementor-element elementor-element-f6d458c e-con-full e-flex e-con e-child\" data-id=\"f6d458c\" data-element_type=\"container\" data-e-type=\"container\">\n\t\t\t\t<\/div>\n\t\t<div class=\"elementor-element elementor-element-cf04db7 e-con-full e-flex e-con e-child\" data-id=\"cf04db7\" data-element_type=\"container\" data-e-type=\"container\">\n\t\t\t\t<div class=\"elementor-element elementor-element-37bd621 showme1 e-transform elementor-align-left elementor-widget elementor-widget-button\" data-id=\"37bd621\" data-element_type=\"widget\" data-e-type=\"widget\" data-settings=\"{&quot;_transform_rotateZ_effect&quot;:{&quot;unit&quot;:&quot;px&quot;,&quot;size&quot;:&quot;&quot;,&quot;sizes&quot;:[]},&quot;_transform_rotateZ_effect_tablet&quot;:{&quot;unit&quot;:&quot;deg&quot;,&quot;size&quot;:&quot;&quot;,&quot;sizes&quot;:[]},&quot;_transform_rotateZ_effect_mobile&quot;:{&quot;unit&quot;:&quot;deg&quot;,&quot;size&quot;:&quot;&quot;,&quot;sizes&quot;:[]}}\" data-widget_type=\"button.default\">\n\t\t\t\t<div class=\"elementor-widget-container\">\n\t\t\t\t\t\t\t\t\t<div class=\"elementor-button-wrapper\">\n\t\t\t\t\t<a class=\"elementor-button elementor-size-md\" role=\"button\">\n\t\t\t\t\t\t<span class=\"elementor-button-content-wrapper\">\n\t\t\t\t\t\t<span class=\"elementor-button-icon\">\n\t\t\t\t<svg aria-hidden=\"true\" class=\"e-font-icon-svg e-fas-caret-right\" viewBox=\"0 0 192 512\" xmlns=\"http:\/\/www.w3.org\/2000\/svg\"><path d=\"M0 384.662V127.338c0-17.818 21.543-26.741 34.142-14.142l128.662 128.662c7.81 7.81 7.81 20.474 0 28.284L34.142 398.804C21.543 411.404 0 402.48 0 384.662z\"><\/path><\/svg>\t\t\t<\/span>\n\t\t\t\t\t\t\t\t\t<span class=\"elementor-button-text\">Mediation<\/span>\n\t\t\t\t\t<\/span>\n\t\t\t\t\t<\/a>\n\t\t\t\t<\/div>\n\t\t\t\t\t\t\t\t<\/div>\n\t\t\t\t<\/div>\n\t\t\t\t<\/div>\n\t\t\t\t\t<\/div>\n\t\t\t\t<\/div>\n\t\t<div class=\"elementor-element elementor-element-6cb447c elementor-hidden-desktop elementor-hidden-tablet elementor-hidden-mobile e-flex e-con-boxed e-con e-parent\" data-id=\"6cb447c\" data-element_type=\"container\" data-e-type=\"container\">\n\t\t\t\t\t<div class=\"e-con-inner\">\n\t\t<div class=\"elementor-element elementor-element-63897d6 e-con-full e-flex e-con e-child\" data-id=\"63897d6\" data-element_type=\"container\" data-e-type=\"container\">\n\t\t\t\t<\/div>\n\t\t<div class=\"elementor-element elementor-element-095c790 e-con-full e-flex e-con e-child\" data-id=\"095c790\" data-element_type=\"container\" data-e-type=\"container\">\n\t\t\t\t<div class=\"elementor-element elementor-element-f70a242 elementor-widget elementor-widget-text-editor\" data-id=\"f70a242\" data-element_type=\"widget\" data-e-type=\"widget\" data-widget_type=\"text-editor.default\">\n\t\t\t\t<div class=\"elementor-widget-container\">\n\t\t\t\t\t\t\t\t\t<p>In einer Mediation treffe ich mich mit zwei oder mehr Konfliktparteien, um sie dabei zu unterst\u00fctzen, die Qualit\u00e4t ihres Umgangs so zu ver\u00e4ndern, dass der Konflikt seine blockierende Wirkung verliert und eine L\u00f6sung m\u00f6glich wird.<\/p><p>Ob Arbeit oder Privat, Familie oder Freundeskreis, wenn ein Konflikt Sie dauerhaft l\u00e4hmt, dann kann eine Vermittlung durch eine neutrale Partei allen Beteiligten ein Gef\u00fchl der Klarheit, des Verstehens und des (Selbst-)Respekts zur\u00fcckgeben. H\u00e4ufig ist das Ergebnis, dass sich die Qualit\u00e4t Ihrer Konflikt-Interaktion verbessert und Sie Erleichterung, Optimismus und die R\u00fcckkehr Ihrer F\u00e4higkeit zur kreativen Probleml\u00f6sung erleben.<\/p><p>Als Mediator ist es mein Ansatz, weder ein bestimmtes Verfahren noch bestimmte L\u00f6sungen aufzuerlegen. Mein Ziel ist es vielmehr, Sie dabei zu unterst\u00fctzen, Ihre eigenen, innewohnenden Ressourcen zu mobilisieren, um Konflikte zu transformieren, welche sich zerm\u00fcrbend und vielleicht hoffnungslos anf\u00fchlen. Um dies zu bewirken, \u00f6ffne ich einen Raum, in dem Sie Ihre ganz pers\u00f6nliche Heilungsreise durchlaufen k\u00f6nnen. Durch aktives Zuh\u00f6ren und selektives Eingreifen unterst\u00fctze ich wachsende Klarheit und gegenseitiges Verst\u00e4ndnis in Ihnen.<\/p><p>Sobald Sie im Verlauf der Mediation zu mehr Klarheit \u00fcber die jeweiligen Positionen, Interessen und Bed\u00fcrfnisse finden, werden Entscheidungen dar\u00fcber, was als n\u00e4chstes zu tun ist, leichter und stimmiger. Als Ihr Mediator werde ich Sie dabei mit Aufgeschlossenheit, Fokus und Empathie unterst\u00fctzen. Jegliche Verhandlungsabsprachen und Vereinbarungen sind nur wirksam, wenn Sie, die beteiligten Konfliktparteien, ihnen zugestimmt haben.<\/p><p>Auf Anfrage und in Absprache mit Klienten biete ich an, Elemente der Achtsamkeitspraxis in die Mediation zu integrieren. Dies kann z.B. eine kurze Atemmeditation, der Klang einer Klangschale, meditatives Gehen oder ein K\u00f6rperscan sein. Solche Praktiken k\u00f6nnen die Reaktivit\u00e4t der Konfliktparteien reduzieren und ein tieferes Zuh\u00f6ren und Verstehen erm\u00f6glichen.<\/p><p>Ich biete Mediation vieler Art von Konflikten an, einschlie\u00dflich Partnerschafts- und Familienstreitigkeiten, Konflikten am Arbeitsplatz oder im Projektteam, zwischen Nachbarn oder in der Wohngemeinschaft, sowie in kleineren Vereinen und anderen Community-Gruppen.<\/p><p>Mediationen werden gew\u00f6hnlich in 1,5 bis 2-st\u00fcndigen Sitzungen in Abst\u00e4nden, die Ihren Anforderungen entsprechen, geplant. In einigen F\u00e4llen, insbesondere bei Gruppenmediationen mit mehr als 2 Personen, k\u00f6nnen andere Formate, wie z.B. einmalige Sitzungen \u00fcber einen oder mehrere Tage sinnvoll sein.<\/p><p>Sollten sich die Parteien und\/oder der Mediator nicht in derselben geografischen Region befinden,\u00a0<b>k\u00f6nnen Mediationen in der Regel online per Videokonferenz durchgef\u00fchrt werden<\/b>.<\/p>\t\t\t\t\t\t\t\t<\/div>\n\t\t\t\t<\/div>\n\t\t\t\t<\/div>\n\t\t\t\t\t<\/div>\n\t\t\t\t<\/div>\n\t\t<div class=\"elementor-element elementor-element-5412455 e-flex e-con-boxed e-con e-parent\" data-id=\"5412455\" data-element_type=\"container\" data-e-type=\"container\">\n\t\t\t\t\t<div class=\"e-con-inner\">\n\t\t<div class=\"elementor-element elementor-element-31fb212 e-con-full e-flex e-con e-child\" data-id=\"31fb212\" data-element_type=\"container\" data-e-type=\"container\">\n\t\t\t\t<\/div>\n\t\t<div class=\"elementor-element elementor-element-54a4a66 e-con-full e-flex e-con e-child\" data-id=\"54a4a66\" data-element_type=\"container\" data-e-type=\"container\">\n\t\t\t\t<div class=\"elementor-element elementor-element-dcfd3f7 elementor-widget-divider--view-line elementor-widget elementor-widget-divider\" data-id=\"dcfd3f7\" data-element_type=\"widget\" data-e-type=\"widget\" data-widget_type=\"divider.default\">\n\t\t\t\t<div class=\"elementor-widget-container\">\n\t\t\t\t\t\t\t<div class=\"elementor-divider\">\n\t\t\t<span class=\"elementor-divider-separator\">\n\t\t\t\t\t\t<\/span>\n\t\t<\/div>\n\t\t\t\t\t\t<\/div>\n\t\t\t\t<\/div>\n\t\t\t\t<\/div>\n\t\t\t\t\t<\/div>\n\t\t\t\t<\/div>\n\t\t<div class=\"elementor-element elementor-element-8978020 e-flex e-con-boxed e-con e-parent\" data-id=\"8978020\" data-element_type=\"container\" data-e-type=\"container\">\n\t\t\t\t\t<div class=\"e-con-inner\">\n\t\t<div class=\"elementor-element elementor-element-4477262 e-con-full e-flex e-con e-child\" data-id=\"4477262\" data-element_type=\"container\" data-e-type=\"container\">\n\t\t\t\t<\/div>\n\t\t<div class=\"elementor-element elementor-element-4ae8a50 e-con-full e-flex e-con e-child\" data-id=\"4ae8a50\" data-element_type=\"container\" data-e-type=\"container\">\n\t\t\t\t<div class=\"elementor-element elementor-element-49ccda8 showme2 e-transform elementor-widget elementor-widget-button\" data-id=\"49ccda8\" data-element_type=\"widget\" data-e-type=\"widget\" data-settings=\"{&quot;_animation&quot;:&quot;none&quot;,&quot;_transform_rotateZ_effect&quot;:{&quot;unit&quot;:&quot;px&quot;,&quot;size&quot;:&quot;&quot;,&quot;sizes&quot;:[]},&quot;_transform_rotateZ_effect_tablet&quot;:{&quot;unit&quot;:&quot;deg&quot;,&quot;size&quot;:&quot;&quot;,&quot;sizes&quot;:[]},&quot;_transform_rotateZ_effect_mobile&quot;:{&quot;unit&quot;:&quot;deg&quot;,&quot;size&quot;:&quot;&quot;,&quot;sizes&quot;:[]}}\" data-widget_type=\"button.default\">\n\t\t\t\t<div class=\"elementor-widget-container\">\n\t\t\t\t\t\t\t\t\t<div class=\"elementor-button-wrapper\">\n\t\t\t\t\t<a class=\"elementor-button elementor-size-md\" role=\"button\">\n\t\t\t\t\t\t<span class=\"elementor-button-content-wrapper\">\n\t\t\t\t\t\t<span class=\"elementor-button-icon\">\n\t\t\t\t<svg aria-hidden=\"true\" class=\"e-font-icon-svg e-fas-caret-right\" viewBox=\"0 0 192 512\" xmlns=\"http:\/\/www.w3.org\/2000\/svg\"><path d=\"M0 384.662V127.338c0-17.818 21.543-26.741 34.142-14.142l128.662 128.662c7.81 7.81 7.81 20.474 0 28.284L34.142 398.804C21.543 411.404 0 402.48 0 384.662z\"><\/path><\/svg>\t\t\t<\/span>\n\t\t\t\t\t\t\t\t\t<span class=\"elementor-button-text\">Konflikt Coaching<\/span>\n\t\t\t\t\t<\/span>\n\t\t\t\t\t<\/a>\n\t\t\t\t<\/div>\n\t\t\t\t\t\t\t\t<\/div>\n\t\t\t\t<\/div>\n\t\t\t\t<\/div>\n\t\t\t\t\t<\/div>\n\t\t\t\t<\/div>\n\t\t<div class=\"elementor-element elementor-element-1363d0e elementor-hidden-desktop elementor-hidden-tablet elementor-hidden-mobile e-flex e-con-boxed e-con e-parent\" data-id=\"1363d0e\" data-element_type=\"container\" data-e-type=\"container\">\n\t\t\t\t\t<div class=\"e-con-inner\">\n\t\t<div class=\"elementor-element elementor-element-7d8a628 e-con-full e-flex e-con e-child\" data-id=\"7d8a628\" data-element_type=\"container\" data-e-type=\"container\">\n\t\t\t\t<\/div>\n\t\t<div class=\"elementor-element elementor-element-d89b1b5 e-con-full e-flex e-con e-child\" data-id=\"d89b1b5\" data-element_type=\"container\" data-e-type=\"container\">\n\t\t\t\t<div class=\"elementor-element elementor-element-ee9e9e7 elementor-widget elementor-widget-text-editor\" data-id=\"ee9e9e7\" data-element_type=\"widget\" data-e-type=\"widget\" data-widget_type=\"text-editor.default\">\n\t\t\t\t<div class=\"elementor-widget-container\">\n\t\t\t\t\t\t\t\t\t<p>Sofern nicht alle Konfliktparteien bereit oder in der Lage sind, an einer Mediation teilzunehmen, biete ich einzelnen Parteien Konfliktcoaching an. Konfliktcoaching dient dazu, eigene Bed\u00fcrfnisse in der Konfliktsituation zu kl\u00e4ren, unterschiedliche oder gegens\u00e4tzliche Perspektiven zu verstehen, effektive Strategien zum Konfliktmanagement zu entwickeln, hochwertige Entscheidungen zu treffen und angstausl\u00f6sende Gespr\u00e4che zu proben.<\/p>\t\t\t\t\t\t\t\t<\/div>\n\t\t\t\t<\/div>\n\t\t\t\t<\/div>\n\t\t\t\t\t<\/div>\n\t\t\t\t<\/div>\n\t\t<div class=\"elementor-element elementor-element-89fc70a e-flex e-con-boxed e-con e-parent\" data-id=\"89fc70a\" data-element_type=\"container\" data-e-type=\"container\">\n\t\t\t\t\t<div class=\"e-con-inner\">\n\t\t<div class=\"elementor-element elementor-element-4207a10 e-con-full e-flex e-con e-child\" data-id=\"4207a10\" data-element_type=\"container\" data-e-type=\"container\">\n\t\t\t\t<\/div>\n\t\t<div class=\"elementor-element elementor-element-8af8fa8 e-con-full e-flex e-con e-child\" data-id=\"8af8fa8\" data-element_type=\"container\" data-e-type=\"container\">\n\t\t\t\t<div class=\"elementor-element elementor-element-b9a62ce elementor-widget elementor-widget-text-editor\" data-id=\"b9a62ce\" data-element_type=\"widget\" data-e-type=\"widget\" data-widget_type=\"text-editor.default\">\n\t\t\t\t<div class=\"elementor-widget-container\">\n\t\t\t\t\t\t\t\t\t<h4 style=\"text-align: center;\">Kostenlose Erstberatung<\/h4><p>Ich lade Sie ein, mit mir Kontakt aufzunehmen und in einem kostenlosen Vorgespr\u00e4ch zu er\u00f6rtern, wie ich Sie unterst\u00fctzen kann.<\/p><p>Tel: +(49) 0163 1389929<br \/>E-Mail: <a href=\"mailto:mail@danieldermitzel.com\">mail@danieldermitzel.com<\/a><\/p>\t\t\t\t\t\t\t\t<\/div>\n\t\t\t\t<\/div>\n\t\t\t\t<\/div>\n\t\t\t\t\t<\/div>\n\t\t\t\t<\/div>\n\t\t<div class=\"elementor-element elementor-element-e557e24 e-flex e-con-boxed e-con e-parent\" data-id=\"e557e24\" data-element_type=\"container\" data-e-type=\"container\" data-settings=\"{&quot;background_background&quot;:&quot;classic&quot;}\">\n\t\t\t\t\t<div class=\"e-con-inner\">\n\t\t<div class=\"elementor-element elementor-element-154807e e-con-full e-flex e-con e-child\" data-id=\"154807e\" data-element_type=\"container\" data-e-type=\"container\">\n\t\t\t\t<div class=\"elementor-element elementor-element-778d270 elementor-invisible elementor-widget elementor-widget-heading\" data-id=\"778d270\" data-element_type=\"widget\" data-e-type=\"widget\" data-settings=\"{&quot;_animation&quot;:&quot;fadeIn&quot;}\" data-widget_type=\"heading.default\">\n\t\t\t\t<div class=\"elementor-widget-container\">\n\t\t\t\t\t<h3 class=\"elementor-heading-title elementor-size-default\">Angebote f\u00fcr ein besseres Miteinander:<\/h3>\t\t\t\t<\/div>\n\t\t\t\t<\/div>\n\t\t<div class=\"elementor-element elementor-element-ee80cd1 e-con-full e-flex e-con e-child\" data-id=\"ee80cd1\" data-element_type=\"container\" data-e-type=\"container\" data-settings=\"{&quot;background_background&quot;:&quot;classic&quot;}\">\n\t\t<a class=\"elementor-element elementor-element-5241b39 e-con-full e-flex elementor-invisible e-con e-child\" data-id=\"5241b39\" data-element_type=\"container\" data-e-type=\"container\" data-settings=\"{&quot;animation&quot;:&quot;fadeIn&quot;,&quot;animation_delay&quot;:200}\" href=\"https:\/\/danieldermitzel.com\/test\/mediation-deutsch\/\">\n\t\t\t\t<div class=\"elementor-element elementor-element-6610a1b elementor-widget elementor-widget-heading\" data-id=\"6610a1b\" data-element_type=\"widget\" data-e-type=\"widget\" data-widget_type=\"heading.default\">\n\t\t\t\t<div class=\"elementor-widget-container\">\n\t\t\t\t\t<h6 class=\"elementor-heading-title elementor-size-default\">Mediation &amp;<br>Konflikt Coaching<\/h6>\t\t\t\t<\/div>\n\t\t\t\t<\/div>\n\t\t\t\t<\/a>\n\t\t<a class=\"elementor-element elementor-element-588d0cd e-con-full e-flex elementor-invisible e-con e-child\" data-id=\"588d0cd\" data-element_type=\"container\" data-e-type=\"container\" data-settings=\"{&quot;animation&quot;:&quot;fadeIn&quot;,&quot;animation_delay&quot;:400}\" href=\"https:\/\/danieldermitzel.com\/test\/dialog\/\">\n\t\t\t\t<div class=\"elementor-element elementor-element-a50e5f3 elementor-widget elementor-widget-heading\" data-id=\"a50e5f3\" data-element_type=\"widget\" data-e-type=\"widget\" data-widget_type=\"heading.default\">\n\t\t\t\t<div class=\"elementor-widget-container\">\n\t\t\t\t\t<h6 class=\"elementor-heading-title elementor-size-default\">Dialog<\/h6>\t\t\t\t<\/div>\n\t\t\t\t<\/div>\n\t\t\t\t<\/a>\n\t\t<a class=\"elementor-element elementor-element-febb9af e-con-full e-flex elementor-invisible e-con e-child\" data-id=\"febb9af\" data-element_type=\"container\" data-e-type=\"container\" data-settings=\"{&quot;animation&quot;:&quot;fadeIn&quot;,&quot;animation_delay&quot;:600}\" href=\"https:\/\/danieldermitzel.com\/test\/training-deutsch\/\">\n\t\t\t\t<div class=\"elementor-element elementor-element-505e0a1 elementor-widget elementor-widget-heading\" data-id=\"505e0a1\" data-element_type=\"widget\" data-e-type=\"widget\" data-widget_type=\"heading.default\">\n\t\t\t\t<div class=\"elementor-widget-container\">\n\t\t\t\t\t<h6 class=\"elementor-heading-title elementor-size-default\">Trainings &amp;<br>Supervision<\/h6>\t\t\t\t<\/div>\n\t\t\t\t<\/div>\n\t\t\t\t<\/a>\n\t\t<a class=\"elementor-element elementor-element-2ca9990 e-con-full e-flex elementor-invisible e-con e-child\" data-id=\"2ca9990\" data-element_type=\"container\" data-e-type=\"container\" data-settings=\"{&quot;animation&quot;:&quot;fadeIn&quot;,&quot;animation_delay&quot;:800}\" href=\"https:\/\/danieldermitzel.com\/test\/\/erdbegegnungen\">\n\t\t\t\t<div class=\"elementor-element elementor-element-76fa3a1 elementor-widget elementor-widget-heading\" data-id=\"76fa3a1\" data-element_type=\"widget\" data-e-type=\"widget\" data-widget_type=\"heading.default\">\n\t\t\t\t<div class=\"elementor-widget-container\">\n\t\t\t\t\t<h6 class=\"elementor-heading-title elementor-size-default\">Erdbegegnungen<\/h6>\t\t\t\t<\/div>\n\t\t\t\t<\/div>\n\t\t\t\t<\/a>\n\t\t\t\t<\/div>\n\t\t\t\t<\/div>\n\t\t\t\t\t<\/div>\n\t\t\t\t<\/div>\n\t\t<div class=\"elementor-element elementor-element-794ee5a e-flex e-con-boxed e-con e-parent\" data-id=\"794ee5a\" data-element_type=\"container\" data-e-type=\"container\">\n\t\t\t\t\t<div class=\"e-con-inner\">\n\t\t\t\t<div class=\"elementor-element elementor-element-1cf87ee elementor-widget elementor-widget-spacer\" data-id=\"1cf87ee\" data-element_type=\"widget\" data-e-type=\"widget\" data-widget_type=\"spacer.default\">\n\t\t\t\t<div class=\"elementor-widget-container\">\n\t\t\t\t\t\t\t<div class=\"elementor-spacer\">\n\t\t\t<div class=\"elementor-spacer-inner\"><\/div>\n\t\t<\/div>\n\t\t\t\t\t\t<\/div>\n\t\t\t\t<\/div>\n\t\t\t\t\t<\/div>\n\t\t\t\t<\/div>\n\t\t\t\t<\/div>\n\t\t","protected":false},"excerpt":{"rendered":"<p>Mediation &amp; Konflikt Coaching Ich arbeite an der L\u00f6sung von Konflikten in verschiedenen Settings mit Gruppen und Einzelpersonen. Wenn Sie einen Konflikt [&hellip;]<\/p>\n","protected":false},"author":1,"featured_media":0,"parent":0,"menu_order":0,"comment_status":"closed","ping_status":"closed","template":"page-templates\/page_front-page.php","meta":{"footnotes":""},"class_list":["post-13542","page","type-page","status-publish","hentry"],"_links":{"self":[{"href":"https:\/\/danieldermitzel.com\/test\/wp-json\/wp\/v2\/pages\/13542","targetHints":{"allow":["GET"]}}],"collection":[{"href":"https:\/\/danieldermitzel.com\/test\/wp-json\/wp\/v2\/pages"}],"about":[{"href":"https:\/\/danieldermitzel.com\/test\/wp-json\/wp\/v2\/types\/page"}],"author":[{"embeddable":true,"href":"https:\/\/danieldermitzel.com\/test\/wp-json\/wp\/v2\/users\/1"}],"replies":[{"embeddable":true,"href":"https:\/\/danieldermitzel.com\/test\/wp-json\/wp\/v2\/comments?post=13542"}],"version-history":[{"count":123,"href":"https:\/\/danieldermitzel.com\/test\/wp-json\/wp\/v2\/pages\/13542\/revisions"}],"predecessor-version":[{"id":25349,"href":"https:\/\/danieldermitzel.com\/test\/wp-json\/wp\/v2\/pages\/13542\/revisions\/25349"}],"wp:attachment":[{"href":"https:\/\/danieldermitzel.com\/test\/wp-json\/wp\/v2\/media?parent=13542"}],"curies":[{"name":"wp","href":"https:\/\/api.w.org\/{rel}","templated":true}]}}