{"id":13506,"date":"2022-03-21T06:27:04","date_gmt":"2022-03-21T05:27:04","guid":{"rendered":"https:\/\/danieldermitzel.com\/test\/?page_id=13506"},"modified":"2025-11-03T01:51:06","modified_gmt":"2025-11-03T00:51:06","slug":"events-deutsch","status":"publish","type":"page","link":"https:\/\/danieldermitzel.com\/test\/de\/events-deutsch\/","title":{"rendered":"Events deutsch"},"content":{"rendered":"\t\t<div data-elementor-type=\"wp-page\" data-elementor-id=\"13506\" class=\"elementor elementor-13506\">\n\t\t\t\t<div class=\"elementor-element elementor-element-ef5cd84 e-flex e-con-boxed e-con e-parent\" data-id=\"ef5cd84\" data-element_type=\"container\" data-e-type=\"container\" data-settings=\"{&quot;background_background&quot;:&quot;classic&quot;}\">\n\t\t\t\t\t<div class=\"e-con-inner\">\n\t\t<div class=\"elementor-element elementor-element-cfd0d02 e-con-full e-flex e-con e-child\" data-id=\"cfd0d02\" data-element_type=\"container\" data-e-type=\"container\">\n\t\t\t\t<div class=\"elementor-element elementor-element-68dcc9a elementor-widget elementor-widget-image\" data-id=\"68dcc9a\" data-element_type=\"widget\" data-e-type=\"widget\" data-widget_type=\"image.default\">\n\t\t\t\t<div class=\"elementor-widget-container\">\n\t\t\t\t\t\t\t\t\t\t\t\t<figure class=\"wp-caption\">\n\t\t\t\t\t\t\t\t\t\t<img fetchpriority=\"high\" decoding=\"async\" width=\"768\" height=\"577\" src=\"https:\/\/danieldermitzel.com\/test\/wp-content\/uploads\/2025\/05\/Mindful-gardening-Urania-768x577.jpeg\" class=\"attachment-medium_large size-medium_large wp-image-24605\" alt=\"\" srcset=\"https:\/\/danieldermitzel.com\/test\/wp-content\/uploads\/2025\/05\/Mindful-gardening-Urania-768x577.jpeg 768w, https:\/\/danieldermitzel.com\/test\/wp-content\/uploads\/2025\/05\/Mindful-gardening-Urania-300x226.jpeg 300w, https:\/\/danieldermitzel.com\/test\/wp-content\/uploads\/2025\/05\/Mindful-gardening-Urania-700x526.jpeg 700w, https:\/\/danieldermitzel.com\/test\/wp-content\/uploads\/2025\/05\/Mindful-gardening-Urania-230x173.jpeg 230w, https:\/\/danieldermitzel.com\/test\/wp-content\/uploads\/2025\/05\/Mindful-gardening-Urania-350x263.jpeg 350w, https:\/\/danieldermitzel.com\/test\/wp-content\/uploads\/2025\/05\/Mindful-gardening-Urania-480x361.jpeg 480w, https:\/\/danieldermitzel.com\/test\/wp-content\/uploads\/2025\/05\/Mindful-gardening-Urania.jpeg 899w\" sizes=\"(max-width: 768px) 100vw, 768px\" \/>\t\t\t\t\t\t\t\t\t\t\t<figcaption class=\"widget-image-caption wp-caption-text\"><\/figcaption>\n\t\t\t\t\t\t\t\t\t\t<\/figure>\n\t\t\t\t\t\t\t\t\t<\/div>\n\t\t\t\t<\/div>\n\t\t\t\t<\/div>\n\t\t<div class=\"elementor-element elementor-element-9fa2747 e-con-full e-flex e-con e-child\" data-id=\"9fa2747\" data-element_type=\"container\" data-e-type=\"container\" data-settings=\"{&quot;background_background&quot;:&quot;classic&quot;}\">\n\t\t\t\t<div class=\"elementor-element elementor-element-1ff1c9d elementor-widget elementor-widget-text-editor\" data-id=\"1ff1c9d\" data-element_type=\"widget\" data-e-type=\"widget\" data-widget_type=\"text-editor.default\">\n\t\t\t\t<div class=\"elementor-widget-container\">\n\t\t\t\t\t\t\t\t\t<h3>News &amp; Veranstaltungen<\/h3>\t\t\t\t\t\t\t\t<\/div>\n\t\t\t\t<\/div>\n\t\t\t\t<\/div>\n\t\t\t\t\t<\/div>\n\t\t\t\t<\/div>\n\t\t<div class=\"elementor-element elementor-element-4c8bd01 e-flex e-con-boxed e-con e-parent\" data-id=\"4c8bd01\" data-element_type=\"container\" data-e-type=\"container\">\n\t\t\t\t\t<div class=\"e-con-inner\">\n\t\t\t\t<div class=\"elementor-element elementor-element-91fb6ba elementor-widget elementor-widget-spacer\" data-id=\"91fb6ba\" data-element_type=\"widget\" data-e-type=\"widget\" data-widget_type=\"spacer.default\">\n\t\t\t\t<div class=\"elementor-widget-container\">\n\t\t\t\t\t\t\t<div class=\"elementor-spacer\">\n\t\t\t<div class=\"elementor-spacer-inner\"><\/div>\n\t\t<\/div>\n\t\t\t\t\t\t<\/div>\n\t\t\t\t<\/div>\n\t\t\t\t\t<\/div>\n\t\t\t\t<\/div>\n\t\t<div class=\"elementor-element elementor-element-926a27b e-flex e-con-boxed e-con e-parent\" data-id=\"926a27b\" data-element_type=\"container\" data-e-type=\"container\">\n\t\t\t\t\t<div class=\"e-con-inner\">\n\t\t<div class=\"elementor-element elementor-element-103bf62 e-con-full e-flex e-con e-child\" data-id=\"103bf62\" data-element_type=\"container\" data-e-type=\"container\">\n\t\t\t\t<\/div>\n\t\t<div class=\"elementor-element elementor-element-690b27d e-con-full e-flex e-con e-child\" data-id=\"690b27d\" data-element_type=\"container\" data-e-type=\"container\">\n\t\t\t\t<div class=\"elementor-element elementor-element-d5bdeb5 elementor-grid-eael-col-1 elementor-grid-tablet-eael-col-2 elementor-grid-mobile-eael-col-1 elementor-widget elementor-widget-eael-post-grid\" data-id=\"d5bdeb5\" data-element_type=\"widget\" data-e-type=\"widget\" data-settings=\"{&quot;eael_post_grid_columns&quot;:&quot;eael-col-1&quot;,&quot;eael_post_grid_columns_tablet&quot;:&quot;eael-col-2&quot;,&quot;eael_post_grid_columns_mobile&quot;:&quot;eael-col-1&quot;}\" data-widget_type=\"eael-post-grid.default\">\n\t\t\t\t<div class=\"elementor-widget-container\">\n\t\t\t\t\t<div id=\"eael-post-grid-d5bdeb5\" class=\"eael-post-grid-container\">\n            <div class=\"eael-post-grid eael-post-appender eael-post-appender-d5bdeb5 eael-post-grid-style-one\" data-layout-mode=\"grid\"><article class=\"eael-grid-post  eael-post-grid-column eael-pg-post-25571 category-uncategorized-de\" data-id=\"25571\">\n        <div class=\"eael-grid-post-holder\">\n            <div class=\"eael-grid-post-holder-inner\"><div class=\"eael-entry-wrapper\"><header class=\"eael-entry-header\"><h5 class=\"eael-entry-title\"><a class=\"eael-grid-post-link\" href=\"https:\/\/danieldermitzel.com\/test\/de\/2-tagesseminar-achtsamkeit-in-der-konfliktberatung\/\" title=\"2-Tagesseminar: Achtsamkeit in der Konfliktberatung\">2-Tagesseminar: Achtsamkeit in der Konfliktberatung<\/a><\/h5><\/header><div class=\"eael-entry-header-after\"><div class=\"eael-entry-meta\"><span class=\"eael-posted-by\"><a href=\"https:\/\/danieldermitzel.com\/test\/author\/daniel-dermitzel\/\" title=\"Posts by Admin\" rel=\"author\">Admin<\/a><\/span><span class=\"eael-posted-on\"><time datetime=\"April 3, 2026\">April 3, 2026<\/time><\/span><\/div><\/div><div class=\"eael-entry-content\">\n                        <div class=\"eael-grid-post-excerpt\"><p>Zusammen mit meiner gesch\u00e4tzten Kollegin Madleen Bernhardt biete ich im Juli ein 2-Tages Seminar zum Thema Achtsamkeit in der Konfliktberatung an. Das [&hellip;]<\/p><a href=\"https:\/\/danieldermitzel.com\/test\/de\/2-tagesseminar-achtsamkeit-in-der-konfliktberatung\/\" class=\"eael-post-elements-readmore-btn\">Mehr lesen<\/a><\/div>\n                    <\/div><\/div><\/div>\n        <\/div>\n    <\/article><article class=\"eael-grid-post  eael-post-grid-column eael-pg-post-25565 category-uncategorized\" data-id=\"25565\">\n        <div class=\"eael-grid-post-holder\">\n            <div class=\"eael-grid-post-holder-inner\"><div class=\"eael-entry-wrapper\"><header class=\"eael-entry-header\"><h5 class=\"eael-entry-title\"><a class=\"eael-grid-post-link\" href=\"https:\/\/danieldermitzel.com\/test\/2-day-workshop-mindfulness-for-better-conflict-management-in-german\/\" title=\"2-day Workshop: Mindfulness for better Conflict Management (in German)\">2-day Workshop: Mindfulness for better Conflict Management (in German)<\/a><\/h5><\/header><div class=\"eael-entry-header-after\"><div class=\"eael-entry-meta\"><span class=\"eael-posted-by\"><a href=\"https:\/\/danieldermitzel.com\/test\/author\/daniel-dermitzel\/\" title=\"Posts by Admin\" rel=\"author\">Admin<\/a><\/span><span class=\"eael-posted-on\"><time datetime=\"April 3, 2026\">April 3, 2026<\/time><\/span><\/div><\/div><div class=\"eael-entry-content\">\n                        <div class=\"eael-grid-post-excerpt\"><p>My esteemed colleague\u00a0Madleen Bernhardt\u00a0and I will be offering a 2-day workshop on the topic of Mindfulness for Conflict Management. This workshop will [&hellip;]<\/p><a href=\"https:\/\/danieldermitzel.com\/test\/2-day-workshop-mindfulness-for-better-conflict-management-in-german\/\" class=\"eael-post-elements-readmore-btn\">Mehr lesen<\/a><\/div>\n                    <\/div><\/div><\/div>\n        <\/div>\n    <\/article><article class=\"eael-grid-post  eael-post-grid-column eael-pg-post-24736 category-uncategorized-de\" data-id=\"24736\">\n        <div class=\"eael-grid-post-holder\">\n            <div class=\"eael-grid-post-holder-inner\"><div class=\"eael-entry-wrapper\"><header class=\"eael-entry-header\"><h5 class=\"eael-entry-title\"><a class=\"eael-grid-post-link\" href=\"https:\/\/danieldermitzel.com\/test\/de\/atem-der-erde-training-zu-achtsamkeit-und-aktivismus-eine-tagung-der-evangelischen-akademie-tutzing\/\" title=\"Atem der Erde: Training zu Achtsamkeit und Aktivismus. Eine Tagung der Evangelischen Akademie Tutzing\">Atem der Erde: Training zu Achtsamkeit und Aktivismus. Eine Tagung der Evangelischen Akademie Tutzing<\/a><\/h5><\/header><div class=\"eael-entry-header-after\"><div class=\"eael-entry-meta\"><span class=\"eael-posted-by\"><a href=\"https:\/\/danieldermitzel.com\/test\/author\/daniel-dermitzel\/\" title=\"Posts by Admin\" rel=\"author\">Admin<\/a><\/span><span class=\"eael-posted-on\"><time datetime=\"June 1, 2025\">June 1, 2025<\/time><\/span><\/div><\/div><div class=\"eael-entry-content\">\n                        <div class=\"eael-grid-post-excerpt\"><p>Ende Juni leite ich wieder Achtsamkeits-Workshops an der Evangelischen Akademie Tutzing, einem der f\u00fchrenden Think Tanks Deutschlands. W\u00e4hrend dieser dreit\u00e4gigen Veranstaltung erkunden [&hellip;]<\/p><a href=\"https:\/\/danieldermitzel.com\/test\/de\/atem-der-erde-training-zu-achtsamkeit-und-aktivismus-eine-tagung-der-evangelischen-akademie-tutzing\/\" class=\"eael-post-elements-readmore-btn\">Mehr lesen<\/a><\/div>\n                    <\/div><\/div><\/div>\n        <\/div>\n    <\/article><article class=\"eael-grid-post  eael-post-grid-column eael-pg-post-24732 category-uncategorized\" data-id=\"24732\">\n        <div class=\"eael-grid-post-holder\">\n            <div class=\"eael-grid-post-holder-inner\"><div class=\"eael-entry-wrapper\"><header class=\"eael-entry-header\"><h5 class=\"eael-entry-title\"><a class=\"eael-grid-post-link\" href=\"https:\/\/danieldermitzel.com\/test\/the-breath-of-the-earth-mindfulness-in-activism-a-conference-at-the-protestant-academy-tutzing\/\" title=\"The Breath of the Earth: Mindfulness in Activism. A Conference at the Protestant Academy Tutzing\">The Breath of the Earth: Mindfulness in Activism. A Conference at the Protestant Academy Tutzing<\/a><\/h5><\/header><div class=\"eael-entry-header-after\"><div class=\"eael-entry-meta\"><span class=\"eael-posted-by\"><a href=\"https:\/\/danieldermitzel.com\/test\/author\/daniel-dermitzel\/\" title=\"Posts by Admin\" rel=\"author\">Admin<\/a><\/span><span class=\"eael-posted-on\"><time datetime=\"June 1, 2025\">June 1, 2025<\/time><\/span><\/div><\/div><div class=\"eael-entry-content\">\n                        <div class=\"eael-grid-post-excerpt\"><p>Once again, I will be leading mindfulness workshops at the Protestant Academy Tutzing, one of Germany&#8217;s leading think tanks. During this 3-day [&hellip;]<\/p><a href=\"https:\/\/danieldermitzel.com\/test\/the-breath-of-the-earth-mindfulness-in-activism-a-conference-at-the-protestant-academy-tutzing\/\" class=\"eael-post-elements-readmore-btn\">Mehr lesen<\/a><\/div>\n                    <\/div><\/div><\/div>\n        <\/div>\n    <\/article><\/div>\n            <div class=\"clearfix\"><\/div>\n        <\/div>            <div class=\"eael-load-more-button-wrap\">\n                <button class=\"eael-load-more-button\" id=\"eael-load-more-btn-d5bdeb5\" data-widget-id=\"d5bdeb5\" data-widget=\"d5bdeb5\" data-page-id=\"13506\" data-template=\"{&quot;dir&quot;:&quot;lite&quot;,&quot;file_name&quot;:&quot;one.php&quot;,&quot;name&quot;:&quot;Post-Grid&quot;}\" data-class=\"Essential_Addons_Elementor\\Elements\\Post_Grid\" data-layout=\"grid\" data-page=\"1\" data-args=\"orderby=date&amp;order=desc&amp;ignore_sticky_posts=1&amp;post_status=publish&amp;posts_per_page=4&amp;offset=0&amp;post_type=post\" data-max-page=\"12\">\n                    <span class=\"eael-btn-loader button__loader\"><\/span>\n                    <span class=\"eael_load_more_text\">Load More<\/span>\n                <\/button>\n            <\/div>\n            \t\t\t\t<\/div>\n\t\t\t\t<\/div>\n\t\t\t\t<div class=\"elementor-element elementor-element-6a80e35 elementor-widget elementor-widget-spacer\" data-id=\"6a80e35\" data-element_type=\"widget\" data-e-type=\"widget\" data-widget_type=\"spacer.default\">\n\t\t\t\t<div class=\"elementor-widget-container\">\n\t\t\t\t\t\t\t<div class=\"elementor-spacer\">\n\t\t\t<div class=\"elementor-spacer-inner\"><\/div>\n\t\t<\/div>\n\t\t\t\t\t\t<\/div>\n\t\t\t\t<\/div>\n\t\t\t\t<\/div>\n\t\t\t\t\t<\/div>\n\t\t\t\t<\/div>\n\t\t<div class=\"elementor-element elementor-element-dd75238 e-flex e-con-boxed e-con e-parent\" data-id=\"dd75238\" data-element_type=\"container\" data-e-type=\"container\">\n\t\t\t\t\t<div class=\"e-con-inner\">\n\t\t<div class=\"elementor-element elementor-element-8b4d913 e-con-full e-flex e-con e-child\" data-id=\"8b4d913\" data-element_type=\"container\" data-e-type=\"container\">\n\t\t\t\t<\/div>\n\t\t<div class=\"elementor-element elementor-element-48e89a3 e-con-full e-flex e-con e-child\" data-id=\"48e89a3\" data-element_type=\"container\" data-e-type=\"container\">\n\t\t\t\t<div class=\"elementor-element elementor-element-d41e0a2 elementor-widget elementor-widget-text-editor\" data-id=\"d41e0a2\" data-element_type=\"widget\" data-e-type=\"widget\" data-widget_type=\"text-editor.default\">\n\t\t\t\t<div class=\"elementor-widget-container\">\n\t\t\t\t\t\t\t\t\t<h4 style=\"text-align: center;\">Kostenlose Erstberatung<\/h4><p>Ich lade Sie ein, mit mir Kontakt aufzunehmen und in einem kostenlosen Vorgespr\u00e4ch zu er\u00f6rtern, wie ich Sie unterst\u00fctzen kann.<\/p><p>Tel: +(49) 0163 1389929<br \/>E-Mail: <a href=\"mailto:mail@danieldermitzel.com\">mail@danieldermitzel.com<\/a><\/p>\t\t\t\t\t\t\t\t<\/div>\n\t\t\t\t<\/div>\n\t\t\t\t<\/div>\n\t\t\t\t\t<\/div>\n\t\t\t\t<\/div>\n\t\t<div class=\"elementor-element elementor-element-3e64018 e-flex e-con-boxed e-con e-parent\" data-id=\"3e64018\" data-element_type=\"container\" data-e-type=\"container\" data-settings=\"{&quot;background_background&quot;:&quot;classic&quot;}\">\n\t\t\t\t\t<div class=\"e-con-inner\">\n\t\t<div class=\"elementor-element elementor-element-5d62c09 e-con-full e-flex e-con e-child\" data-id=\"5d62c09\" data-element_type=\"container\" data-e-type=\"container\">\n\t\t\t\t<div class=\"elementor-element elementor-element-3120f6a elementor-invisible elementor-widget elementor-widget-heading\" data-id=\"3120f6a\" data-element_type=\"widget\" data-e-type=\"widget\" data-settings=\"{&quot;_animation&quot;:&quot;fadeIn&quot;}\" data-widget_type=\"heading.default\">\n\t\t\t\t<div class=\"elementor-widget-container\">\n\t\t\t\t\t<h3 class=\"elementor-heading-title elementor-size-default\">Angebote f\u00fcr ein besseres Miteinander:<\/h3>\t\t\t\t<\/div>\n\t\t\t\t<\/div>\n\t\t<div class=\"elementor-element elementor-element-5ab9be6 e-con-full e-flex e-con e-child\" data-id=\"5ab9be6\" data-element_type=\"container\" data-e-type=\"container\" data-settings=\"{&quot;background_background&quot;:&quot;classic&quot;}\">\n\t\t<a class=\"elementor-element elementor-element-5a21b66 e-con-full e-flex elementor-invisible e-con e-child\" data-id=\"5a21b66\" data-element_type=\"container\" data-e-type=\"container\" data-settings=\"{&quot;animation&quot;:&quot;fadeIn&quot;,&quot;animation_delay&quot;:200}\" href=\"https:\/\/danieldermitzel.com\/test\/mediation-deutsch\/\">\n\t\t\t\t<div class=\"elementor-element elementor-element-4f189e9 elementor-widget elementor-widget-heading\" data-id=\"4f189e9\" data-element_type=\"widget\" data-e-type=\"widget\" data-widget_type=\"heading.default\">\n\t\t\t\t<div class=\"elementor-widget-container\">\n\t\t\t\t\t<h6 class=\"elementor-heading-title elementor-size-default\">Mediation &amp;<br>Konflikt Coaching<\/h6>\t\t\t\t<\/div>\n\t\t\t\t<\/div>\n\t\t\t\t<\/a>\n\t\t<a class=\"elementor-element elementor-element-7c46b0d e-con-full e-flex elementor-invisible e-con e-child\" data-id=\"7c46b0d\" data-element_type=\"container\" data-e-type=\"container\" data-settings=\"{&quot;animation&quot;:&quot;fadeIn&quot;,&quot;animation_delay&quot;:400}\" href=\"https:\/\/danieldermitzel.com\/test\/dialog\/\">\n\t\t\t\t<div class=\"elementor-element elementor-element-4b691af elementor-widget elementor-widget-heading\" data-id=\"4b691af\" data-element_type=\"widget\" data-e-type=\"widget\" data-widget_type=\"heading.default\">\n\t\t\t\t<div class=\"elementor-widget-container\">\n\t\t\t\t\t<h6 class=\"elementor-heading-title elementor-size-default\">Dialog<\/h6>\t\t\t\t<\/div>\n\t\t\t\t<\/div>\n\t\t\t\t<\/a>\n\t\t<a class=\"elementor-element elementor-element-6fbc84b e-con-full e-flex elementor-invisible e-con e-child\" data-id=\"6fbc84b\" data-element_type=\"container\" data-e-type=\"container\" data-settings=\"{&quot;animation&quot;:&quot;fadeIn&quot;,&quot;animation_delay&quot;:600}\" href=\"https:\/\/danieldermitzel.com\/test\/training-deutsch\/\">\n\t\t\t\t<div class=\"elementor-element elementor-element-764188a elementor-widget elementor-widget-heading\" data-id=\"764188a\" data-element_type=\"widget\" data-e-type=\"widget\" data-widget_type=\"heading.default\">\n\t\t\t\t<div class=\"elementor-widget-container\">\n\t\t\t\t\t<h6 class=\"elementor-heading-title elementor-size-default\">Trainings &amp;<br>Supervision<\/h6>\t\t\t\t<\/div>\n\t\t\t\t<\/div>\n\t\t\t\t<\/a>\n\t\t<a class=\"elementor-element elementor-element-ca11bda e-con-full e-flex elementor-invisible e-con e-child\" data-id=\"ca11bda\" data-element_type=\"container\" data-e-type=\"container\" data-settings=\"{&quot;animation&quot;:&quot;fadeIn&quot;,&quot;animation_delay&quot;:800}\" href=\"https:\/\/danieldermitzel.com\/test\/\/erdbegegnungen\">\n\t\t\t\t<div class=\"elementor-element elementor-element-00d8a37 elementor-widget elementor-widget-heading\" data-id=\"00d8a37\" data-element_type=\"widget\" data-e-type=\"widget\" data-widget_type=\"heading.default\">\n\t\t\t\t<div class=\"elementor-widget-container\">\n\t\t\t\t\t<h6 class=\"elementor-heading-title elementor-size-default\">Erdbegegnungen<\/h6>\t\t\t\t<\/div>\n\t\t\t\t<\/div>\n\t\t\t\t<\/a>\n\t\t\t\t<\/div>\n\t\t\t\t<\/div>\n\t\t\t\t\t<\/div>\n\t\t\t\t<\/div>\n\t\t<div class=\"elementor-element elementor-element-4671c36 e-flex e-con-boxed e-con e-parent\" data-id=\"4671c36\" data-element_type=\"container\" data-e-type=\"container\">\n\t\t\t\t\t<div class=\"e-con-inner\">\n\t\t\t\t<div class=\"elementor-element elementor-element-460921e elementor-widget elementor-widget-spacer\" data-id=\"460921e\" data-element_type=\"widget\" data-e-type=\"widget\" data-widget_type=\"spacer.default\">\n\t\t\t\t<div class=\"elementor-widget-container\">\n\t\t\t\t\t\t\t<div class=\"elementor-spacer\">\n\t\t\t<div class=\"elementor-spacer-inner\"><\/div>\n\t\t<\/div>\n\t\t\t\t\t\t<\/div>\n\t\t\t\t<\/div>\n\t\t\t\t\t<\/div>\n\t\t\t\t<\/div>\n\t\t\t\t<\/div>\n\t\t","protected":false},"excerpt":{"rendered":"<p>News &amp; Veranstaltungen Atem der Erde: Training zu Achtsamkeit und Aktivismus. Eine Tagung der Evangelischen Akademie Tutzing AdminJuni 1, 2025 Ende Juni [&hellip;]<\/p>\n","protected":false},"author":1,"featured_media":0,"parent":0,"menu_order":0,"comment_status":"closed","ping_status":"closed","template":"page-templates\/page_front-page.php","meta":{"footnotes":""},"class_list":["post-13506","page","type-page","status-publish","hentry"],"_links":{"self":[{"href":"https:\/\/danieldermitzel.com\/test\/wp-json\/wp\/v2\/pages\/13506","targetHints":{"allow":["GET"]}}],"collection":[{"href":"https:\/\/danieldermitzel.com\/test\/wp-json\/wp\/v2\/pages"}],"about":[{"href":"https:\/\/danieldermitzel.com\/test\/wp-json\/wp\/v2\/types\/page"}],"author":[{"embeddable":true,"href":"https:\/\/danieldermitzel.com\/test\/wp-json\/wp\/v2\/users\/1"}],"replies":[{"embeddable":true,"href":"https:\/\/danieldermitzel.com\/test\/wp-json\/wp\/v2\/comments?post=13506"}],"version-history":[{"count":12,"href":"https:\/\/danieldermitzel.com\/test\/wp-json\/wp\/v2\/pages\/13506\/revisions"}],"predecessor-version":[{"id":25533,"href":"https:\/\/danieldermitzel.com\/test\/wp-json\/wp\/v2\/pages\/13506\/revisions\/25533"}],"wp:attachment":[{"href":"https:\/\/danieldermitzel.com\/test\/wp-json\/wp\/v2\/media?parent=13506"}],"curies":[{"name":"wp","href":"https:\/\/api.w.org\/{rel}","templated":true}]}}