{"id":13497,"date":"2022-03-21T06:19:48","date_gmt":"2022-03-21T05:19:48","guid":{"rendered":"https:\/\/danieldermitzel.com\/test\/?page_id=13497"},"modified":"2025-11-03T00:02:36","modified_gmt":"2025-11-02T23:02:36","slug":"dialog","status":"publish","type":"page","link":"https:\/\/danieldermitzel.com\/test\/de\/dialog\/","title":{"rendered":"Dialog"},"content":{"rendered":"\t\t<div data-elementor-type=\"wp-page\" data-elementor-id=\"13497\" class=\"elementor elementor-13497\">\n\t\t\t\t<div class=\"elementor-element elementor-element-79bb892 e-flex e-con-boxed e-con e-parent\" data-id=\"79bb892\" data-element_type=\"container\" data-e-type=\"container\" data-settings=\"{&quot;background_background&quot;:&quot;classic&quot;}\">\n\t\t\t\t\t<div class=\"e-con-inner\">\n\t\t<div class=\"elementor-element elementor-element-bfe9444 e-con-full e-flex e-con e-child\" data-id=\"bfe9444\" data-element_type=\"container\" data-e-type=\"container\">\n\t\t\t\t<div class=\"elementor-element elementor-element-5c01bf8 elementor-widget elementor-widget-image\" data-id=\"5c01bf8\" data-element_type=\"widget\" data-e-type=\"widget\" data-settings=\"{&quot;_animation&quot;:&quot;none&quot;}\" data-widget_type=\"image.default\">\n\t\t\t\t<div class=\"elementor-widget-container\">\n\t\t\t\t\t\t\t\t\t\t\t\t<figure class=\"wp-caption\">\n\t\t\t\t\t\t\t\t\t\t<img fetchpriority=\"high\" decoding=\"async\" width=\"768\" height=\"576\" src=\"https:\/\/danieldermitzel.com\/test\/wp-content\/uploads\/2025\/05\/Sharing-circle-768x576.jpg\" class=\"attachment-medium_large size-medium_large wp-image-24561\" alt=\"\" srcset=\"https:\/\/danieldermitzel.com\/test\/wp-content\/uploads\/2025\/05\/Sharing-circle-768x576.jpg 768w, https:\/\/danieldermitzel.com\/test\/wp-content\/uploads\/2025\/05\/Sharing-circle-300x225.jpg 300w, https:\/\/danieldermitzel.com\/test\/wp-content\/uploads\/2025\/05\/Sharing-circle-700x525.jpg 700w, https:\/\/danieldermitzel.com\/test\/wp-content\/uploads\/2025\/05\/Sharing-circle-230x172.jpg 230w, https:\/\/danieldermitzel.com\/test\/wp-content\/uploads\/2025\/05\/Sharing-circle-350x262.jpg 350w, https:\/\/danieldermitzel.com\/test\/wp-content\/uploads\/2025\/05\/Sharing-circle-480x360.jpg 480w, https:\/\/danieldermitzel.com\/test\/wp-content\/uploads\/2025\/05\/Sharing-circle.jpg 947w\" sizes=\"(max-width: 768px) 100vw, 768px\" \/>\t\t\t\t\t\t\t\t\t\t\t<figcaption class=\"widget-image-caption wp-caption-text\">Foto: Nicolai Herzog<\/figcaption>\n\t\t\t\t\t\t\t\t\t\t<\/figure>\n\t\t\t\t\t\t\t\t\t<\/div>\n\t\t\t\t<\/div>\n\t\t\t\t<\/div>\n\t\t<div class=\"elementor-element elementor-element-72a6992 e-con-full e-flex e-con e-child\" data-id=\"72a6992\" data-element_type=\"container\" data-e-type=\"container\" data-settings=\"{&quot;background_background&quot;:&quot;classic&quot;}\">\n\t\t\t\t<div class=\"elementor-element elementor-element-e14a299 elementor-widget elementor-widget-text-editor\" data-id=\"e14a299\" data-element_type=\"widget\" data-e-type=\"widget\" data-widget_type=\"text-editor.default\">\n\t\t\t\t<div class=\"elementor-widget-container\">\n\t\t\t\t\t\t\t\t\t<h3>Dialog<\/h3><p>Mein Ziel ist es, weitl\u00e4ufige und dennoch fokussierte Gespr\u00e4che zu moderieren, die unser Bed\u00fcrfnis nach authentischem Ausdruck und danach, tief geh\u00f6rt zu werden erf\u00fcllen. Sie\u00a0k\u00f6nnen erhellen, ver\u00e4ndern, transformieren und heilen.<\/p><p>Ich arbeite mit Projektteams in Unternehmen und im Non-Profit Sektor sowie mit Vereinen, B\u00fcrgergruppen, Wohngemeinschaften und anderen Gruppen.<\/p>\t\t\t\t\t\t\t\t<\/div>\n\t\t\t\t<\/div>\n\t\t\t\t<div class=\"elementor-element elementor-element-c357d63 elementor-widget elementor-widget-html\" data-id=\"c357d63\" data-element_type=\"widget\" data-e-type=\"widget\" data-widget_type=\"html.default\">\n\t\t\t\t<div class=\"elementor-widget-container\">\n\t\t\t\t\t<script>\r\ndocument.addEventListener('DOMContentLoaded', function () {\r\njQuery(function ($) {\r\n$('.showme1').click(function (event) {\r\nevent.preventDefault();\r\n$(findFurthestAncestor($(this)[0], 'e-con')).next().slideToggle();\r\n$(this).toggleClass('opened');\r\n});\r\n$('.closebutton').click(function () {\r\n$(findFurthestAncestor($(this)[0], 'e-con')).prev().find('.showme1').click();\r\n});\r\n});\r\n});\r\n\r\nfunction findFurthestAncestor(elem, className) {\r\nlet parentElement = elem.parentElement;\r\nlet furthestAncestor;\r\nwhile (parentElement != null) {\r\nif (parentElement.classList.contains(className)) {\r\nfurthestAncestor = parentElement;\r\n}\r\nparentElement = parentElement.parentElement;\r\n}\r\nreturn furthestAncestor;\r\n}\r\n<\/script>\r\n<style>\r\n.showme1 a, .showme1 svg, .showme1 i , .showme1 img, .closebutton a, .closebutton i, .closebutton img{\r\ncursor: pointer;\r\n-webkit-transition: transform 0.34s ease;\r\ntransition : transform 0.34s ease;\r\n}\r\n.opened i , .opened img,.opened svg{\r\ntransform: rotate(90deg);\r\n}\r\n<\/style>\r\n\r\n\r\n<script>\r\ndocument.addEventListener('DOMContentLoaded', function () {\r\njQuery(function ($) {\r\n$('.showme2').click(function (event) {\r\nevent.preventDefault();\r\n$(findFurthestAncestor($(this)[0], 'e-con')).next().slideToggle();\r\n$(this).toggleClass('opened');\r\n});\r\n$('.closebutton').click(function () {\r\n$(findFurthestAncestor($(this)[0], 'e-con')).prev().find('.showme2').click();\r\n});\r\n});\r\n});\r\n\r\nfunction findFurthestAncestor(elem, className) {\r\nlet parentElement = elem.parentElement;\r\nlet furthestAncestor;\r\nwhile (parentElement != null) {\r\nif (parentElement.classList.contains(className)) {\r\nfurthestAncestor = parentElement;\r\n}\r\nparentElement = parentElement.parentElement;\r\n}\r\nreturn furthestAncestor;\r\n}\r\n<\/script>\r\n<style>\r\n.showme2 a, .showme2 svg, .showme2 i , .showme2 img, .closebutton a, .closebutton i, .closebutton img{\r\ncursor: pointer;\r\n-webkit-transition: transform 0.34s ease;\r\ntransition : transform 0.34s ease;\r\n}\r\n.opened i , .opened img,.opened svg{\r\ntransform: rotate(90deg);\r\n}\r\n<\/style>\r\n\t\t\t\t<\/div>\n\t\t\t\t<\/div>\n\t\t\t\t<\/div>\n\t\t\t\t\t<\/div>\n\t\t\t\t<\/div>\n\t\t<div class=\"elementor-element elementor-element-7ea04a8 e-flex e-con-boxed e-con e-parent\" data-id=\"7ea04a8\" data-element_type=\"container\" data-e-type=\"container\">\n\t\t\t\t\t<div class=\"e-con-inner\">\n\t\t\t\t<div class=\"elementor-element elementor-element-abb0ea3 elementor-widget elementor-widget-spacer\" data-id=\"abb0ea3\" data-element_type=\"widget\" data-e-type=\"widget\" data-widget_type=\"spacer.default\">\n\t\t\t\t<div class=\"elementor-widget-container\">\n\t\t\t\t\t\t\t<div class=\"elementor-spacer\">\n\t\t\t<div class=\"elementor-spacer-inner\"><\/div>\n\t\t<\/div>\n\t\t\t\t\t\t<\/div>\n\t\t\t\t<\/div>\n\t\t\t\t\t<\/div>\n\t\t\t\t<\/div>\n\t\t<div class=\"elementor-element elementor-element-6d12e22 e-flex e-con-boxed e-con e-parent\" data-id=\"6d12e22\" data-element_type=\"container\" data-e-type=\"container\">\n\t\t\t\t\t<div class=\"e-con-inner\">\n\t\t<div class=\"elementor-element elementor-element-5bc0efe e-con-full e-flex e-con e-child\" data-id=\"5bc0efe\" data-element_type=\"container\" data-e-type=\"container\">\n\t\t\t\t<\/div>\n\t\t<div class=\"elementor-element elementor-element-0425466 e-con-full e-flex e-con e-child\" data-id=\"0425466\" data-element_type=\"container\" data-e-type=\"container\">\n\t\t\t\t<div class=\"elementor-element elementor-element-a96dade showme1 e-transform elementor-align-left elementor-widget elementor-widget-button\" data-id=\"a96dade\" data-element_type=\"widget\" data-e-type=\"widget\" data-settings=\"{&quot;_transform_rotateZ_effect&quot;:{&quot;unit&quot;:&quot;px&quot;,&quot;size&quot;:&quot;&quot;,&quot;sizes&quot;:[]},&quot;_transform_rotateZ_effect_tablet&quot;:{&quot;unit&quot;:&quot;deg&quot;,&quot;size&quot;:&quot;&quot;,&quot;sizes&quot;:[]},&quot;_transform_rotateZ_effect_mobile&quot;:{&quot;unit&quot;:&quot;deg&quot;,&quot;size&quot;:&quot;&quot;,&quot;sizes&quot;:[]}}\" data-widget_type=\"button.default\">\n\t\t\t\t<div class=\"elementor-widget-container\">\n\t\t\t\t\t\t\t\t\t<div class=\"elementor-button-wrapper\">\n\t\t\t\t\t<a class=\"elementor-button elementor-size-md\" role=\"button\">\n\t\t\t\t\t\t<span class=\"elementor-button-content-wrapper\">\n\t\t\t\t\t\t<span class=\"elementor-button-icon\">\n\t\t\t\t<svg aria-hidden=\"true\" class=\"e-font-icon-svg e-fas-caret-right\" viewBox=\"0 0 192 512\" xmlns=\"http:\/\/www.w3.org\/2000\/svg\"><path d=\"M0 384.662V127.338c0-17.818 21.543-26.741 34.142-14.142l128.662 128.662c7.81 7.81 7.81 20.474 0 28.284L34.142 398.804C21.543 411.404 0 402.48 0 384.662z\"><\/path><\/svg>\t\t\t<\/span>\n\t\t\t\t\t\t\t\t\t<span class=\"elementor-button-text\">Moderation<\/span>\n\t\t\t\t\t<\/span>\n\t\t\t\t\t<\/a>\n\t\t\t\t<\/div>\n\t\t\t\t\t\t\t\t<\/div>\n\t\t\t\t<\/div>\n\t\t\t\t<\/div>\n\t\t\t\t\t<\/div>\n\t\t\t\t<\/div>\n\t\t<div class=\"elementor-element elementor-element-4ebc7ad elementor-hidden-desktop elementor-hidden-tablet elementor-hidden-mobile e-flex e-con-boxed e-con e-parent\" data-id=\"4ebc7ad\" data-element_type=\"container\" data-e-type=\"container\">\n\t\t\t\t\t<div class=\"e-con-inner\">\n\t\t<div class=\"elementor-element elementor-element-0653f38 e-con-full e-flex e-con e-child\" data-id=\"0653f38\" data-element_type=\"container\" data-e-type=\"container\">\n\t\t\t\t<\/div>\n\t\t<div class=\"elementor-element elementor-element-9833e34 e-con-full e-flex e-con e-child\" data-id=\"9833e34\" data-element_type=\"container\" data-e-type=\"container\">\n\t\t\t\t<div class=\"elementor-element elementor-element-803ad84 elementor-widget elementor-widget-text-editor\" data-id=\"803ad84\" data-element_type=\"widget\" data-e-type=\"widget\" data-widget_type=\"text-editor.default\">\n\t\t\t\t<div class=\"elementor-widget-container\">\n\t\t\t\t\t\t\t\t\t<p>Als Moderator biete ich an, Meetings, strategische Planungsprozesse und andere kollaborativen Verfahren Ihrer Gruppe zu begleiten. In einem gesch\u00fctzten, strukturierten und dennoch dynamischen Setting setze ich mich f\u00fcr eine breite, authentische Einbeziehung verschiedener Personen, Erfahrungen und Standpunkte ein. Als Moderator ist es meine Aufgabe, <span style=\"text-align: var(--text-align);\">Ihrer Gruppe dabei zu helfen, sich so reibungslos und einfach wie m\u00f6glich auszutauschen und ihre Ziele zu erreichen.<\/span><\/p><p>Gemeinsam schenken wir Ihrer Gruppe sowohl auf inhaltlicher Ebene (intellektuelles Kapital) als auch auf der Beziehungsebene (soziales und kommunales Kapital) unsere Aufmerksamkeit. Durch <em>Gespr\u00e4che von Bedeutung<\/em>, d. h. offene Gespr\u00e4che \u00fcber das, was in den Menschen am relevantesten und lebendigsten ist, werden Ressourcen und Bedarfe auf beiden Ebenen zur weiteren Gestaltung offengelegt. Die Gruppenmitglieder lernen sich zudem besser kennen, entdecken und vertrauen ihrer kollektiven Weisheit, kn\u00fcpfen neue Verbindungen mit kreativem Potenzial und gewinnen wichtige Erkenntnisse f\u00fcr eine verbesserte Zusammenarbeit.<\/p>\t\t\t\t\t\t\t\t<\/div>\n\t\t\t\t<\/div>\n\t\t\t\t<\/div>\n\t\t\t\t\t<\/div>\n\t\t\t\t<\/div>\n\t\t<div class=\"elementor-element elementor-element-6dd3c2e e-flex e-con-boxed e-con e-parent\" data-id=\"6dd3c2e\" data-element_type=\"container\" data-e-type=\"container\">\n\t\t\t\t\t<div class=\"e-con-inner\">\n\t\t<div class=\"elementor-element elementor-element-65482f1 e-con-full e-flex e-con e-child\" data-id=\"65482f1\" data-element_type=\"container\" data-e-type=\"container\">\n\t\t\t\t<\/div>\n\t\t<div class=\"elementor-element elementor-element-acd5f14 e-con-full e-flex e-con e-child\" data-id=\"acd5f14\" data-element_type=\"container\" data-e-type=\"container\">\n\t\t\t\t<div class=\"elementor-element elementor-element-df06b02 elementor-widget-divider--view-line elementor-widget elementor-widget-divider\" data-id=\"df06b02\" data-element_type=\"widget\" data-e-type=\"widget\" data-widget_type=\"divider.default\">\n\t\t\t\t<div class=\"elementor-widget-container\">\n\t\t\t\t\t\t\t<div class=\"elementor-divider\">\n\t\t\t<span class=\"elementor-divider-separator\">\n\t\t\t\t\t\t<\/span>\n\t\t<\/div>\n\t\t\t\t\t\t<\/div>\n\t\t\t\t<\/div>\n\t\t\t\t<\/div>\n\t\t\t\t\t<\/div>\n\t\t\t\t<\/div>\n\t\t<div class=\"elementor-element elementor-element-6df7d23 e-flex e-con-boxed e-con e-parent\" data-id=\"6df7d23\" data-element_type=\"container\" data-e-type=\"container\">\n\t\t\t\t\t<div class=\"e-con-inner\">\n\t\t<div class=\"elementor-element elementor-element-70d4bd8 e-con-full e-flex e-con e-child\" data-id=\"70d4bd8\" data-element_type=\"container\" data-e-type=\"container\">\n\t\t\t\t<\/div>\n\t\t<div class=\"elementor-element elementor-element-d7fcd79 e-con-full e-flex e-con e-child\" data-id=\"d7fcd79\" data-element_type=\"container\" data-e-type=\"container\">\n\t\t\t\t<div class=\"elementor-element elementor-element-2fffff1 showme2 e-transform elementor-widget elementor-widget-button\" data-id=\"2fffff1\" data-element_type=\"widget\" data-e-type=\"widget\" data-settings=\"{&quot;_animation&quot;:&quot;none&quot;,&quot;_transform_rotateZ_effect&quot;:{&quot;unit&quot;:&quot;px&quot;,&quot;size&quot;:&quot;&quot;,&quot;sizes&quot;:[]},&quot;_transform_rotateZ_effect_tablet&quot;:{&quot;unit&quot;:&quot;deg&quot;,&quot;size&quot;:&quot;&quot;,&quot;sizes&quot;:[]},&quot;_transform_rotateZ_effect_mobile&quot;:{&quot;unit&quot;:&quot;deg&quot;,&quot;size&quot;:&quot;&quot;,&quot;sizes&quot;:[]}}\" data-widget_type=\"button.default\">\n\t\t\t\t<div class=\"elementor-widget-container\">\n\t\t\t\t\t\t\t\t\t<div class=\"elementor-button-wrapper\">\n\t\t\t\t\t<a class=\"elementor-button elementor-size-md\" role=\"button\">\n\t\t\t\t\t\t<span class=\"elementor-button-content-wrapper\">\n\t\t\t\t\t\t<span class=\"elementor-button-icon\">\n\t\t\t\t<svg aria-hidden=\"true\" class=\"e-font-icon-svg e-fas-caret-right\" viewBox=\"0 0 192 512\" xmlns=\"http:\/\/www.w3.org\/2000\/svg\"><path d=\"M0 384.662V127.338c0-17.818 21.543-26.741 34.142-14.142l128.662 128.662c7.81 7.81 7.81 20.474 0 28.284L34.142 398.804C21.543 411.404 0 402.48 0 384.662z\"><\/path><\/svg>\t\t\t<\/span>\n\t\t\t\t\t\t\t\t\t<span class=\"elementor-button-text\">Austauschzirkel<\/span>\n\t\t\t\t\t<\/span>\n\t\t\t\t\t<\/a>\n\t\t\t\t<\/div>\n\t\t\t\t\t\t\t\t<\/div>\n\t\t\t\t<\/div>\n\t\t\t\t<\/div>\n\t\t\t\t\t<\/div>\n\t\t\t\t<\/div>\n\t\t<div class=\"elementor-element elementor-element-acfaf00 elementor-hidden-desktop elementor-hidden-tablet elementor-hidden-mobile e-flex e-con-boxed e-con e-parent\" data-id=\"acfaf00\" data-element_type=\"container\" data-e-type=\"container\">\n\t\t\t\t\t<div class=\"e-con-inner\">\n\t\t<div class=\"elementor-element elementor-element-502c6ef e-con-full e-flex e-con e-child\" data-id=\"502c6ef\" data-element_type=\"container\" data-e-type=\"container\">\n\t\t\t\t<\/div>\n\t\t<div class=\"elementor-element elementor-element-d194cbf e-con-full e-flex e-con e-child\" data-id=\"d194cbf\" data-element_type=\"container\" data-e-type=\"container\">\n\t\t\t\t<div class=\"elementor-element elementor-element-40b58fd elementor-widget elementor-widget-text-editor\" data-id=\"40b58fd\" data-element_type=\"widget\" data-e-type=\"widget\" data-widget_type=\"text-editor.default\">\n\t\t\t\t<div class=\"elementor-widget-container\">\n\t\t\t\t\t\t\t\t\t<p>In Begegnungs- und Austauschzirkeln gewinnen viele Teilnehmer und Teilnehmerinnen ein Gef\u00fchl der Verbundenheit und Gemeinsamkeit. Zum Klang der Glocke nehmen wir uns Zeit f\u00fcr Sitz- und Gehmeditation, und teilen das, was uns Freude oder Schmerz bereitet bzw. was gerade in uns ausgedr\u00fcckt werden m\u00f6chte. Dabei \u00fcben wir liebevolles Sprechen und mitf\u00fchlendes Zuh\u00f6ren, vertiefen gegenseitiges Verst\u00e4ndnis und pflanzen die Samen f\u00fcr einen friedlichen Umgang miteinander.<\/p><p>Zirkel k\u00f6nnen thematische Schwerpunkte haben, die den Bed\u00fcrfnissen der jeweiligen Gruppe gerecht werden:<\/p><ul><li>Mit Ver\u00e4nderung umgehen<\/li><li>Mit Verlust umgehen<\/li><li>Spaltungen und Konflikte in der Gruppe bew\u00e4ltigen<\/li><li>Stressbew\u00e4ltigung<\/li><li>Positive Ereignisse zelebrieren<\/li><li>und mehr<\/li><\/ul><p>Austauschzirkel lassen sich meist problemlos in verschiedene Gruppenaktivit\u00e4ten integrieren, wie beispielsweise Mediation (als\u00a0<em>Friedenszirkel<\/em>), strategische Planungsprozesse, Klausuren und Team Building Events. Sie helfen dabei, den Zusammenhalt unter Kolleg*innen, Mitarbeiter*innen, Freund*innen und Familienmitgliedern zu st\u00e4rken und authentische, vertrauensvolle und fr\u00f6hliche Beziehungen zu f\u00f6rdern.<\/p>\t\t\t\t\t\t\t\t<\/div>\n\t\t\t\t<\/div>\n\t\t\t\t<\/div>\n\t\t\t\t\t<\/div>\n\t\t\t\t<\/div>\n\t\t<div class=\"elementor-element elementor-element-827d4a7 e-flex e-con-boxed e-con e-parent\" data-id=\"827d4a7\" data-element_type=\"container\" data-e-type=\"container\">\n\t\t\t\t\t<div class=\"e-con-inner\">\n\t\t<div class=\"elementor-element elementor-element-4fd400f e-con-full e-flex e-con e-child\" data-id=\"4fd400f\" data-element_type=\"container\" data-e-type=\"container\">\n\t\t\t\t<\/div>\n\t\t<div class=\"elementor-element elementor-element-48c3730 e-con-full e-flex e-con e-child\" data-id=\"48c3730\" data-element_type=\"container\" data-e-type=\"container\">\n\t\t\t\t<div class=\"elementor-element elementor-element-c3de778 elementor-widget elementor-widget-text-editor\" data-id=\"c3de778\" data-element_type=\"widget\" data-e-type=\"widget\" data-widget_type=\"text-editor.default\">\n\t\t\t\t<div class=\"elementor-widget-container\">\n\t\t\t\t\t\t\t\t\t<h4 style=\"text-align: center;\">Kostenlose Erstberatung<\/h4><p>Ich lade Sie ein, mit mir Kontakt aufzunehmen und in einem kostenlosen Vorgespr\u00e4ch zu er\u00f6rtern, wie ich Sie unterst\u00fctzen kann.<\/p><p>Tel: +(49) 0163 1389929<br \/>E-Mail: <a href=\"mailto:mail@danieldermitzel.com\">mail@danieldermitzel.com<\/a><\/p>\t\t\t\t\t\t\t\t<\/div>\n\t\t\t\t<\/div>\n\t\t\t\t<\/div>\n\t\t\t\t\t<\/div>\n\t\t\t\t<\/div>\n\t\t<div class=\"elementor-element elementor-element-1e31168 e-flex e-con-boxed e-con e-parent\" data-id=\"1e31168\" data-element_type=\"container\" data-e-type=\"container\" data-settings=\"{&quot;background_background&quot;:&quot;classic&quot;}\">\n\t\t\t\t\t<div class=\"e-con-inner\">\n\t\t<div class=\"elementor-element elementor-element-c10b368 e-con-full e-flex e-con e-child\" data-id=\"c10b368\" data-element_type=\"container\" data-e-type=\"container\">\n\t\t\t\t<div class=\"elementor-element elementor-element-9361ac9 elementor-invisible elementor-widget elementor-widget-heading\" data-id=\"9361ac9\" data-element_type=\"widget\" data-e-type=\"widget\" data-settings=\"{&quot;_animation&quot;:&quot;fadeIn&quot;}\" data-widget_type=\"heading.default\">\n\t\t\t\t<div class=\"elementor-widget-container\">\n\t\t\t\t\t<h3 class=\"elementor-heading-title elementor-size-default\">Angebote f\u00fcr ein besseres Miteinander:<\/h3>\t\t\t\t<\/div>\n\t\t\t\t<\/div>\n\t\t<div class=\"elementor-element elementor-element-f67adf4 e-con-full e-flex e-con e-child\" data-id=\"f67adf4\" data-element_type=\"container\" data-e-type=\"container\" data-settings=\"{&quot;background_background&quot;:&quot;classic&quot;}\">\n\t\t<a class=\"elementor-element elementor-element-8aa6cdd e-con-full e-flex elementor-invisible e-con e-child\" data-id=\"8aa6cdd\" data-element_type=\"container\" data-e-type=\"container\" data-settings=\"{&quot;animation&quot;:&quot;fadeIn&quot;,&quot;animation_delay&quot;:200}\" href=\"https:\/\/danieldermitzel.com\/test\/mediation-deutsch\/\">\n\t\t\t\t<div class=\"elementor-element elementor-element-c9c7236 elementor-widget elementor-widget-heading\" data-id=\"c9c7236\" data-element_type=\"widget\" data-e-type=\"widget\" data-widget_type=\"heading.default\">\n\t\t\t\t<div class=\"elementor-widget-container\">\n\t\t\t\t\t<h6 class=\"elementor-heading-title elementor-size-default\">Mediation &amp;<br>Konflikt Coaching<\/h6>\t\t\t\t<\/div>\n\t\t\t\t<\/div>\n\t\t\t\t<\/a>\n\t\t<a class=\"elementor-element elementor-element-9245a5a e-con-full e-flex elementor-invisible e-con e-child\" data-id=\"9245a5a\" data-element_type=\"container\" data-e-type=\"container\" data-settings=\"{&quot;animation&quot;:&quot;fadeIn&quot;,&quot;animation_delay&quot;:400}\" href=\"https:\/\/danieldermitzel.com\/test\/dialog\/\">\n\t\t\t\t<div class=\"elementor-element elementor-element-b21d71d elementor-widget elementor-widget-heading\" data-id=\"b21d71d\" data-element_type=\"widget\" data-e-type=\"widget\" data-widget_type=\"heading.default\">\n\t\t\t\t<div class=\"elementor-widget-container\">\n\t\t\t\t\t<h6 class=\"elementor-heading-title elementor-size-default\">Dialog<\/h6>\t\t\t\t<\/div>\n\t\t\t\t<\/div>\n\t\t\t\t<\/a>\n\t\t<a class=\"elementor-element elementor-element-0269864 e-con-full e-flex elementor-invisible e-con e-child\" data-id=\"0269864\" data-element_type=\"container\" data-e-type=\"container\" data-settings=\"{&quot;animation&quot;:&quot;fadeIn&quot;,&quot;animation_delay&quot;:600}\" href=\"https:\/\/danieldermitzel.com\/test\/training-deutsch\/\">\n\t\t\t\t<div class=\"elementor-element elementor-element-d550acc elementor-widget elementor-widget-heading\" data-id=\"d550acc\" data-element_type=\"widget\" data-e-type=\"widget\" data-widget_type=\"heading.default\">\n\t\t\t\t<div class=\"elementor-widget-container\">\n\t\t\t\t\t<h6 class=\"elementor-heading-title elementor-size-default\">Trainings &amp;<br>Supervision<\/h6>\t\t\t\t<\/div>\n\t\t\t\t<\/div>\n\t\t\t\t<\/a>\n\t\t<a class=\"elementor-element elementor-element-daa19c1 e-con-full e-flex elementor-invisible e-con e-child\" data-id=\"daa19c1\" data-element_type=\"container\" data-e-type=\"container\" data-settings=\"{&quot;animation&quot;:&quot;fadeIn&quot;,&quot;animation_delay&quot;:800}\" href=\"https:\/\/danieldermitzel.com\/test\/\/erdbegegnungen\">\n\t\t\t\t<div class=\"elementor-element elementor-element-85361d1 elementor-widget elementor-widget-heading\" data-id=\"85361d1\" data-element_type=\"widget\" data-e-type=\"widget\" data-widget_type=\"heading.default\">\n\t\t\t\t<div class=\"elementor-widget-container\">\n\t\t\t\t\t<h6 class=\"elementor-heading-title elementor-size-default\">Erdbegegnungen<\/h6>\t\t\t\t<\/div>\n\t\t\t\t<\/div>\n\t\t\t\t<\/a>\n\t\t\t\t<\/div>\n\t\t\t\t<\/div>\n\t\t\t\t\t<\/div>\n\t\t\t\t<\/div>\n\t\t<div class=\"elementor-element elementor-element-663e180 e-flex e-con-boxed e-con e-parent\" data-id=\"663e180\" data-element_type=\"container\" data-e-type=\"container\">\n\t\t\t\t\t<div class=\"e-con-inner\">\n\t\t\t\t<div class=\"elementor-element elementor-element-d64dd0a elementor-widget elementor-widget-spacer\" data-id=\"d64dd0a\" data-element_type=\"widget\" data-e-type=\"widget\" data-widget_type=\"spacer.default\">\n\t\t\t\t<div class=\"elementor-widget-container\">\n\t\t\t\t\t\t\t<div class=\"elementor-spacer\">\n\t\t\t<div class=\"elementor-spacer-inner\"><\/div>\n\t\t<\/div>\n\t\t\t\t\t\t<\/div>\n\t\t\t\t<\/div>\n\t\t\t\t\t<\/div>\n\t\t\t\t<\/div>\n\t\t\t\t<\/div>\n\t\t","protected":false},"excerpt":{"rendered":"<p>Foto: Nicolai Herzog Dialog Mein Ziel ist es, weitl\u00e4ufige und dennoch fokussierte Gespr\u00e4che zu moderieren, die unser Bed\u00fcrfnis nach authentischem Ausdruck und [&hellip;]<\/p>\n","protected":false},"author":1,"featured_media":0,"parent":0,"menu_order":0,"comment_status":"closed","ping_status":"closed","template":"page-templates\/page_front-page.php","meta":{"footnotes":""},"class_list":["post-13497","page","type-page","status-publish","hentry"],"_links":{"self":[{"href":"https:\/\/danieldermitzel.com\/test\/wp-json\/wp\/v2\/pages\/13497","targetHints":{"allow":["GET"]}}],"collection":[{"href":"https:\/\/danieldermitzel.com\/test\/wp-json\/wp\/v2\/pages"}],"about":[{"href":"https:\/\/danieldermitzel.com\/test\/wp-json\/wp\/v2\/types\/page"}],"author":[{"embeddable":true,"href":"https:\/\/danieldermitzel.com\/test\/wp-json\/wp\/v2\/users\/1"}],"replies":[{"embeddable":true,"href":"https:\/\/danieldermitzel.com\/test\/wp-json\/wp\/v2\/comments?post=13497"}],"version-history":[{"count":12,"href":"https:\/\/danieldermitzel.com\/test\/wp-json\/wp\/v2\/pages\/13497\/revisions"}],"predecessor-version":[{"id":25395,"href":"https:\/\/danieldermitzel.com\/test\/wp-json\/wp\/v2\/pages\/13497\/revisions\/25395"}],"wp:attachment":[{"href":"https:\/\/danieldermitzel.com\/test\/wp-json\/wp\/v2\/media?parent=13497"}],"curies":[{"name":"wp","href":"https:\/\/api.w.org\/{rel}","templated":true}]}}